{"id":3746,"date":"2024-06-22T12:57:28","date_gmt":"2024-06-22T17:57:28","guid":{"rendered":"http:\/\/data.sedema.cdmx.gob.mx:9000\/bosquedechapultepec\/?page_id=3746"},"modified":"2025-07-28T20:19:46","modified_gmt":"2025-07-29T01:19:46","slug":"contacto","status":"publish","type":"page","link":"http:\/\/bosquedechapultepec.mx:9000\/bosquedechapultepec\/contacto\/","title":{"rendered":"Contacto"},"content":{"rendered":"\t\t<div data-elementor-type=\"wp-page\" data-elementor-id=\"3746\" class=\"elementor elementor-3746\" data-elementor-post-type=\"page\">\n\t\t\t\t<div class=\"elementor-element elementor-element-52bd9e4 e-flex e-con-boxed e-con e-parent\" data-id=\"52bd9e4\" data-element_type=\"container\" data-settings=\"{&quot;background_background&quot;:&quot;classic&quot;}\">\n\t\t\t\t\t<div class=\"e-con-inner\">\n\t\t\t\t<div class=\"elementor-element elementor-element-0043cc1 elementor-widget elementor-widget-heading\" data-id=\"0043cc1\" data-element_type=\"widget\" data-widget_type=\"heading.default\">\n\t\t\t\t<div class=\"elementor-widget-container\">\n\t\t\t\t\t<h1 class=\"elementor-heading-title elementor-size-default\">Contacto<\/h1>\t\t\t\t<\/div>\n\t\t\t\t<\/div>\n\t\t\t\t<div class=\"elementor-element elementor-element-af6d4e3 elementor-widget elementor-widget-text-editor\" data-id=\"af6d4e3\" data-element_type=\"widget\" data-widget_type=\"text-editor.default\">\n\t\t\t\t<div class=\"elementor-widget-container\">\n\t\t\t\t\t\t\t\t\tDirecci\u00f3n Ejecutiva del Bosque de Chapultepec\t\t\t\t\t\t\t\t<\/div>\n\t\t\t\t<\/div>\n\t\t\t\t\t<\/div>\n\t\t\t\t<\/div>\n\t\t<div class=\"elementor-element elementor-element-afefc9a e-flex e-con-boxed e-con e-parent\" data-id=\"afefc9a\" data-element_type=\"container\" data-settings=\"{&quot;background_background&quot;:&quot;classic&quot;}\">\n\t\t\t\t\t<div class=\"e-con-inner\">\n\t\t<div class=\"elementor-element elementor-element-53a15da e-con-full e-flex e-con e-child\" data-id=\"53a15da\" data-element_type=\"container\">\n\t\t<div class=\"elementor-element elementor-element-0987b73 e-con-full e-flex e-con e-child\" data-id=\"0987b73\" data-element_type=\"container\" data-settings=\"{&quot;background_background&quot;:&quot;classic&quot;}\">\n\t\t\t\t<div class=\"elementor-element elementor-element-d355d51 elementor-widget elementor-widget-image\" data-id=\"d355d51\" data-element_type=\"widget\" data-widget_type=\"image.default\">\n\t\t\t\t<div class=\"elementor-widget-container\">\n\t\t\t\t\t\t\t\t\t\t\t\t\t\t\t<img decoding=\"async\" width=\"39\" height=\"50\" src=\"http:\/\/bosquedechapultepec.mx:9000\/bosquedechapultepec\/wp-content\/uploads\/2024\/06\/Recepcion-documental.svg\" class=\"attachment-full size-full wp-image-3752\" alt=\"\" \/>\t\t\t\t\t\t\t\t\t\t\t\t\t\t\t<\/div>\n\t\t\t\t<\/div>\n\t\t\t\t<div class=\"elementor-element elementor-element-5892b4d elementor-widget elementor-widget-text-editor\" data-id=\"5892b4d\" data-element_type=\"widget\" data-widget_type=\"text-editor.default\">\n\t\t\t\t<div class=\"elementor-widget-container\">\n\t\t\t\t\t\t\t\t\tRecepci\u00f3n documental:\t\t\t\t\t\t\t\t<\/div>\n\t\t\t\t<\/div>\n\t\t\t\t<div class=\"elementor-element elementor-element-b8cc987 elementor-widget elementor-widget-text-editor\" data-id=\"b8cc987\" data-element_type=\"widget\" data-widget_type=\"text-editor.default\">\n\t\t\t\t<div class=\"elementor-widget-container\">\n\t\t\t\t\t\t\t\t\t<p><a href=\"https:\/\/maps.app.goo.gl\/n68zsXwxGUqvPbed9\" target=\"_blank\" rel=\"noopener\">Primera Secci\u00f3n. Av. Reforma S\/N, Col. San Miguel Chapultepec, Alcald\u00eda Miguel Hidalgo. CP. 11860, Ciudad de M\u00e9xico, CDMX.<\/a><\/p>\t\t\t\t\t\t\t\t<\/div>\n\t\t\t\t<\/div>\n\t\t\t\t<\/div>\n\t\t<div class=\"elementor-element elementor-element-14a1c92 e-con-full e-flex e-con e-child\" data-id=\"14a1c92\" data-element_type=\"container\" data-settings=\"{&quot;background_background&quot;:&quot;classic&quot;}\">\n\t\t\t\t<div class=\"elementor-element elementor-element-c19c58e elementor-widget elementor-widget-image\" data-id=\"c19c58e\" data-element_type=\"widget\" data-widget_type=\"image.default\">\n\t\t\t\t<div class=\"elementor-widget-container\">\n\t\t\t\t\t\t\t\t\t\t\t\t\t\t\t<img decoding=\"async\" width=\"50\" height=\"50\" src=\"http:\/\/bosquedechapultepec.mx:9000\/bosquedechapultepec\/wp-content\/uploads\/2024\/06\/horario-de-atencion.svg\" class=\"attachment-full size-full wp-image-3751\" alt=\"\" \/>\t\t\t\t\t\t\t\t\t\t\t\t\t\t\t<\/div>\n\t\t\t\t<\/div>\n\t\t\t\t<div class=\"elementor-element elementor-element-3eaf49d elementor-widget elementor-widget-text-editor\" data-id=\"3eaf49d\" data-element_type=\"widget\" data-widget_type=\"text-editor.default\">\n\t\t\t\t<div class=\"elementor-widget-container\">\n\t\t\t\t\t\t\t\t\tHorario de atenci\u00f3n:\t\t\t\t\t\t\t\t<\/div>\n\t\t\t\t<\/div>\n\t\t\t\t<div class=\"elementor-element elementor-element-766fe31 elementor-widget elementor-widget-text-editor\" data-id=\"766fe31\" data-element_type=\"widget\" data-widget_type=\"text-editor.default\">\n\t\t\t\t<div class=\"elementor-widget-container\">\n\t\t\t\t\t\t\t\t\t<p>Lunes a viernes <br \/>09:00 a 18:00 horas<\/p>\t\t\t\t\t\t\t\t<\/div>\n\t\t\t\t<\/div>\n\t\t\t\t<\/div>\n\t\t<div class=\"elementor-element elementor-element-6d9c916 e-con-full e-flex e-con e-child\" data-id=\"6d9c916\" data-element_type=\"container\" data-settings=\"{&quot;background_background&quot;:&quot;classic&quot;}\">\n\t\t\t\t<div class=\"elementor-element elementor-element-9b150cb elementor-widget elementor-widget-image\" data-id=\"9b150cb\" data-element_type=\"widget\" data-widget_type=\"image.default\">\n\t\t\t\t<div class=\"elementor-widget-container\">\n\t\t\t\t\t\t\t\t\t\t\t\t\t\t\t<img decoding=\"async\" width=\"51\" height=\"50\" src=\"http:\/\/bosquedechapultepec.mx:9000\/bosquedechapultepec\/wp-content\/uploads\/2024\/06\/Telefono.svg\" class=\"attachment-full size-full wp-image-3750\" alt=\"\" \/>\t\t\t\t\t\t\t\t\t\t\t\t\t\t\t<\/div>\n\t\t\t\t<\/div>\n\t\t\t\t<div class=\"elementor-element elementor-element-4ef40b7 elementor-widget elementor-widget-text-editor\" data-id=\"4ef40b7\" data-element_type=\"widget\" data-widget_type=\"text-editor.default\">\n\t\t\t\t<div class=\"elementor-widget-container\">\n\t\t\t\t\t\t\t\t\tTel\u00e9fono:\t\t\t\t\t\t\t\t<\/div>\n\t\t\t\t<\/div>\n\t\t\t\t<div class=\"elementor-element elementor-element-aac096f elementor-widget elementor-widget-text-editor\" data-id=\"aac096f\" data-element_type=\"widget\" data-widget_type=\"text-editor.default\">\n\t\t\t\t<div class=\"elementor-widget-container\">\n\t\t\t\t\t\t\t\t\t<a style=\"color: #94a24c;\" href=\"tel:+525552122171\">+52 55 5212 2171<\/a>\t\t\t\t\t\t\t\t<\/div>\n\t\t\t\t<\/div>\n\t\t\t\t<\/div>\n\t\t<div class=\"elementor-element elementor-element-a66db13 e-con-full e-flex e-con e-child\" data-id=\"a66db13\" data-element_type=\"container\" data-settings=\"{&quot;background_background&quot;:&quot;classic&quot;}\">\n\t\t\t\t<div class=\"elementor-element elementor-element-7bb9d49 elementor-widget elementor-widget-image\" data-id=\"7bb9d49\" data-element_type=\"widget\" data-widget_type=\"image.default\">\n\t\t\t\t<div class=\"elementor-widget-container\">\n\t\t\t\t\t\t\t\t\t\t\t\t\t\t\t<img loading=\"lazy\" decoding=\"async\" width=\"50\" height=\"50\" src=\"http:\/\/bosquedechapultepec.mx:9000\/bosquedechapultepec\/wp-content\/uploads\/2024\/06\/Socials.svg\" class=\"attachment-full size-full wp-image-3753\" alt=\"\" \/>\t\t\t\t\t\t\t\t\t\t\t\t\t\t\t<\/div>\n\t\t\t\t<\/div>\n\t\t\t\t<div class=\"elementor-element elementor-element-e06e207 elementor-widget elementor-widget-text-editor\" data-id=\"e06e207\" data-element_type=\"widget\" data-widget_type=\"text-editor.default\">\n\t\t\t\t<div class=\"elementor-widget-container\">\n\t\t\t\t\t\t\t\t\tRedes Sociales\t\t\t\t\t\t\t\t<\/div>\n\t\t\t\t<\/div>\n\t\t<div class=\"elementor-element elementor-element-c45df4c e-con-full e-flex e-con e-child\" data-id=\"c45df4c\" data-element_type=\"container\">\n\t\t\t\t<div class=\"elementor-element elementor-element-9200287 elementor-widget elementor-widget-image\" data-id=\"9200287\" data-element_type=\"widget\" data-widget_type=\"image.default\">\n\t\t\t\t<div class=\"elementor-widget-container\">\n\t\t\t\t\t\t\t\t\t\t\t\t\t\t\t\t<a href=\"https:\/\/twitter.com\/ChapultepecCDMX\" target=\"_blank\">\n\t\t\t\t\t\t\t<img loading=\"lazy\" decoding=\"async\" width=\"27\" height=\"24\" src=\"http:\/\/bosquedechapultepec.mx:9000\/bosquedechapultepec\/wp-content\/uploads\/2024\/06\/x-Icon.svg\" class=\"attachment-full size-full wp-image-3758\" alt=\"\" \/>\t\t\t\t\t\t\t\t<\/a>\n\t\t\t\t\t\t\t\t\t\t\t\t\t\t\t<\/div>\n\t\t\t\t<\/div>\n\t\t\t\t<div class=\"elementor-element elementor-element-06c13a8 elementor-widget elementor-widget-image\" data-id=\"06c13a8\" data-element_type=\"widget\" data-widget_type=\"image.default\">\n\t\t\t\t<div class=\"elementor-widget-container\">\n\t\t\t\t\t\t\t\t\t\t\t\t\t\t\t\t<a href=\"https:\/\/www.instagram.com\/chapultepeccdmx\" target=\"_blank\">\n\t\t\t\t\t\t\t<img loading=\"lazy\" decoding=\"async\" width=\"25\" height=\"24\" src=\"http:\/\/bosquedechapultepec.mx:9000\/bosquedechapultepec\/wp-content\/uploads\/2024\/06\/Instagram-icon.svg\" class=\"attachment-full size-full wp-image-3757\" alt=\"\" \/>\t\t\t\t\t\t\t\t<\/a>\n\t\t\t\t\t\t\t\t\t\t\t\t\t\t\t<\/div>\n\t\t\t\t<\/div>\n\t\t\t\t<div class=\"elementor-element elementor-element-50badd2 elementor-widget elementor-widget-image\" data-id=\"50badd2\" data-element_type=\"widget\" data-widget_type=\"image.default\">\n\t\t\t\t<div class=\"elementor-widget-container\">\n\t\t\t\t\t\t\t\t\t\t\t\t\t\t\t\t<a href=\"https:\/\/www.facebook.com\/ChapultepecCDMX\" target=\"_blank\">\n\t\t\t\t\t\t\t<img loading=\"lazy\" decoding=\"async\" width=\"25\" height=\"24\" src=\"http:\/\/bosquedechapultepec.mx:9000\/bosquedechapultepec\/wp-content\/uploads\/2024\/06\/fb-icon.svg\" class=\"attachment-full size-full wp-image-3756\" alt=\"\" \/>\t\t\t\t\t\t\t\t<\/a>\n\t\t\t\t\t\t\t\t\t\t\t\t\t\t\t<\/div>\n\t\t\t\t<\/div>\n\t\t\t\t<div class=\"elementor-element elementor-element-d2bf405 elementor-widget elementor-widget-image\" data-id=\"d2bf405\" data-element_type=\"widget\" data-widget_type=\"image.default\">\n\t\t\t\t<div class=\"elementor-widget-container\">\n\t\t\t\t\t\t\t\t\t\t\t\t\t\t\t\t<a href=\"https:\/\/www.tiktok.com\/@chapultepeccdmx\" target=\"_blank\">\n\t\t\t\t\t\t\t<img loading=\"lazy\" decoding=\"async\" width=\"21\" height=\"25\" src=\"http:\/\/bosquedechapultepec.mx:9000\/bosquedechapultepec\/wp-content\/uploads\/2024\/06\/tiktok-icon.svg\" class=\"attachment-full size-full wp-image-3755\" alt=\"\" \/>\t\t\t\t\t\t\t\t<\/a>\n\t\t\t\t\t\t\t\t\t\t\t\t\t\t\t<\/div>\n\t\t\t\t<\/div>\n\t\t\t\t<div class=\"elementor-element elementor-element-d531cc5 elementor-widget elementor-widget-image\" data-id=\"d531cc5\" data-element_type=\"widget\" data-widget_type=\"image.default\">\n\t\t\t\t<div class=\"elementor-widget-container\">\n\t\t\t\t\t\t\t\t\t\t\t\t\t\t\t\t<a href=\"https:\/\/www.youtube.com\/channel\/UCJwSCAHCoXLBGv6QI1wtUXA\" target=\"_blank\">\n\t\t\t\t\t\t\t<img loading=\"lazy\" decoding=\"async\" width=\"29\" height=\"21\" src=\"http:\/\/bosquedechapultepec.mx:9000\/bosquedechapultepec\/wp-content\/uploads\/2024\/06\/Youtube-icon.svg\" class=\"attachment-full size-full wp-image-3754\" alt=\"\" \/>\t\t\t\t\t\t\t\t<\/a>\n\t\t\t\t\t\t\t\t\t\t\t\t\t\t\t<\/div>\n\t\t\t\t<\/div>\n\t\t\t\t<\/div>\n\t\t\t\t<\/div>\n\t\t\t\t<\/div>\n\t\t<div class=\"elementor-element elementor-element-d67224d e-flex e-con-boxed e-con e-child\" data-id=\"d67224d\" data-element_type=\"container\">\n\t\t\t\t\t<div class=\"e-con-inner\">\n\t\t<div class=\"elementor-element elementor-element-d9cda87 e-con-full e-flex e-con e-child\" data-id=\"d9cda87\" data-element_type=\"container\" data-settings=\"{&quot;background_background&quot;:&quot;classic&quot;}\">\n\t\t\t\t<div class=\"elementor-element elementor-element-98e3db8 elementor-widget elementor-widget-heading\" data-id=\"98e3db8\" data-element_type=\"widget\" data-widget_type=\"heading.default\">\n\t\t\t\t<div class=\"elementor-widget-container\">\n\t\t\t\t\t<h4 class=\"elementor-heading-title elementor-size-default\">Formulario <\/h4>\t\t\t\t<\/div>\n\t\t\t\t<\/div>\n\t\t\t\t<div class=\"elementor-element elementor-element-7db112a elementor-button-align-center elementor-mobile-button-align-stretch elementor-widget elementor-widget-form\" data-id=\"7db112a\" data-element_type=\"widget\" data-settings=\"{&quot;step_next_label&quot;:&quot;Next&quot;,&quot;step_previous_label&quot;:&quot;Previous&quot;,&quot;button_width&quot;:&quot;100&quot;,&quot;step_type&quot;:&quot;number_text&quot;,&quot;step_icon_shape&quot;:&quot;circle&quot;}\" data-widget_type=\"form.default\">\n\t\t\t\t<div class=\"elementor-widget-container\">\n\t\t\t\t\t\t\t<form class=\"elementor-form\" method=\"post\" name=\"Contacto Form\">\n\t\t\t<input type=\"hidden\" name=\"post_id\" value=\"3746\"\/>\n\t\t\t<input type=\"hidden\" name=\"form_id\" value=\"7db112a\"\/>\n\t\t\t<input type=\"hidden\" name=\"referer_title\" value=\"\" \/>\n\n\t\t\t\n\t\t\t<div class=\"elementor-form-fields-wrapper elementor-labels-above\">\n\t\t\t\t\t\t\t\t<div class=\"elementor-field-type-text elementor-field-group elementor-column elementor-field-group-name elementor-col-50 elementor-field-required elementor-mark-required\">\n\t\t\t\t\t\t\t\t\t\t\t\t<label for=\"form-field-name\" class=\"elementor-field-label\">\n\t\t\t\t\t\t\t\tNombre completo\t\t\t\t\t\t\t<\/label>\n\t\t\t\t\t\t\t\t\t\t\t\t\t\t<input size=\"1\" type=\"text\" name=\"form_fields[name]\" id=\"form-field-name\" class=\"elementor-field elementor-size-md  elementor-field-textual\" placeholder=\"Nombre\" required=\"required\">\n\t\t\t\t\t\t\t\t\t\t\t<\/div>\n\t\t\t\t\t\t\t\t<div class=\"elementor-field-type-email elementor-field-group elementor-column elementor-field-group-field_c1892aa elementor-col-50 elementor-field-required elementor-mark-required\">\n\t\t\t\t\t\t\t\t\t\t\t\t<label for=\"form-field-field_c1892aa\" class=\"elementor-field-label\">\n\t\t\t\t\t\t\t\tEmail\t\t\t\t\t\t\t<\/label>\n\t\t\t\t\t\t\t\t\t\t\t\t\t\t<input size=\"1\" type=\"email\" name=\"form_fields[field_c1892aa]\" id=\"form-field-field_c1892aa\" class=\"elementor-field elementor-size-md  elementor-field-textual\" placeholder=\"Ej. elbosque@ejemplo.com\" required=\"required\">\n\t\t\t\t\t\t\t\t\t\t\t<\/div>\n\t\t\t\t\t\t\t\t<div class=\"elementor-field-type-text elementor-field-group elementor-column elementor-field-group-field_7332991 elementor-col-50 elementor-field-required elementor-mark-required\">\n\t\t\t\t\t\t\t\t\t\t\t\t<label for=\"form-field-field_7332991\" class=\"elementor-field-label\">\n\t\t\t\t\t\t\t\tAsunto\t\t\t\t\t\t\t<\/label>\n\t\t\t\t\t\t\t\t\t\t\t\t\t\t<input size=\"1\" type=\"text\" name=\"form_fields[field_7332991]\" id=\"form-field-field_7332991\" class=\"elementor-field elementor-size-md  elementor-field-textual\" placeholder=\"Quiero hacer un evento....\" required=\"required\">\n\t\t\t\t\t\t\t\t\t\t\t<\/div>\n\t\t\t\t\t\t\t\t<div class=\"elementor-field-type-tel elementor-field-group elementor-column elementor-field-group-field_3e363df elementor-col-50 elementor-field-required elementor-mark-required\">\n\t\t\t\t\t\t\t\t\t\t\t\t<label for=\"form-field-field_3e363df\" class=\"elementor-field-label\">\n\t\t\t\t\t\t\t\tCelular\t\t\t\t\t\t\t<\/label>\n\t\t\t\t\t\t\t\t<input size=\"1\" type=\"tel\" name=\"form_fields[field_3e363df]\" id=\"form-field-field_3e363df\" class=\"elementor-field elementor-size-md  elementor-field-textual\" placeholder=\"55 01024 02540\" required=\"required\" pattern=\"[0-9()#&amp;+*-=.]+\" title=\"Only numbers and phone characters (#, -, *, etc) are accepted.\">\n\n\t\t\t\t\t\t<\/div>\n\t\t\t\t\t\t\t\t<div class=\"elementor-field-type-textarea elementor-field-group elementor-column elementor-field-group-field_14e47c1 elementor-col-100\">\n\t\t\t\t\t\t\t\t\t\t\t\t<label for=\"form-field-field_14e47c1\" class=\"elementor-field-label\">\n\t\t\t\t\t\t\t\tMensaje\t\t\t\t\t\t\t<\/label>\n\t\t\t\t\t\t<textarea class=\"elementor-field-textual elementor-field  elementor-size-md\" name=\"form_fields[field_14e47c1]\" id=\"form-field-field_14e47c1\" rows=\"6\" placeholder=\"Escriba aqu\u00ed el mensaje....\"><\/textarea>\t\t\t\t<\/div>\n\t\t\t\t\t\t\t\t<div class=\"elementor-field-group elementor-column elementor-field-type-submit elementor-col-100 e-form__buttons\">\n\t\t\t\t\t<button class=\"elementor-button elementor-size-sm\" type=\"submit\">\n\t\t\t\t\t\t<span class=\"elementor-button-content-wrapper\">\n\t\t\t\t\t\t\t\t\t\t\t\t\t\t\t\t\t\t\t\t\t\t<span class=\"elementor-button-text\">Enviar<\/span>\n\t\t\t\t\t\t\t\t\t\t\t\t\t<\/span>\n\t\t\t\t\t<\/button>\n\t\t\t\t<\/div>\n\t\t\t<\/div>\n\t\t<\/form>\n\t\t\t\t\t\t<\/div>\n\t\t\t\t<\/div>\n\t\t\t\t<\/div>\n\t\t\t\t\t<\/div>\n\t\t\t\t<\/div>\n\t\t\t\t\t<\/div>\n\t\t\t\t<\/div>\n\t\t\t\t<\/div>\n\t\t","protected":false},"excerpt":{"rendered":"<p>Contacto Direcci\u00f3n Ejecutiva del Bosque de Chapultepec Recepci\u00f3n documental: Primera Secci\u00f3n. Av. Reforma S\/N, Col. San Miguel Chapultepec, Alcald\u00eda Miguel Hidalgo. CP. 11860, Ciudad de M\u00e9xico, CDMX. Horario de atenci\u00f3n: Lunes a viernes 09:00 a 18:00 horas Tel\u00e9fono:+52 55 5212 2171 Redes Sociales Formulario<\/p>\n","protected":false},"author":1,"featured_media":0,"parent":0,"menu_order":0,"comment_status":"closed","ping_status":"closed","template":"elementor_header_footer","meta":{"_acf_changed":false,"inline_featured_image":false,"footnotes":""},"class_list":["post-3746","page","type-page","status-publish","hentry"],"acf":[],"_links":{"self":[{"href":"http:\/\/bosquedechapultepec.mx:9000\/bosquedechapultepec\/wp-json\/wp\/v2\/pages\/3746","targetHints":{"allow":["GET"]}}],"collection":[{"href":"http:\/\/bosquedechapultepec.mx:9000\/bosquedechapultepec\/wp-json\/wp\/v2\/pages"}],"about":[{"href":"http:\/\/bosquedechapultepec.mx:9000\/bosquedechapultepec\/wp-json\/wp\/v2\/types\/page"}],"author":[{"embeddable":true,"href":"http:\/\/bosquedechapultepec.mx:9000\/bosquedechapultepec\/wp-json\/wp\/v2\/users\/1"}],"replies":[{"embeddable":true,"href":"http:\/\/bosquedechapultepec.mx:9000\/bosquedechapultepec\/wp-json\/wp\/v2\/comments?post=3746"}],"version-history":[{"count":0,"href":"http:\/\/bosquedechapultepec.mx:9000\/bosquedechapultepec\/wp-json\/wp\/v2\/pages\/3746\/revisions"}],"wp:attachment":[{"href":"http:\/\/bosquedechapultepec.mx:9000\/bosquedechapultepec\/wp-json\/wp\/v2\/media?parent=3746"}],"curies":[{"name":"wp","href":"https:\/\/api.w.org\/{rel}","templated":true}]}}