{"id":3556,"date":"2024-06-21T15:26:41","date_gmt":"2024-06-21T20:26:41","guid":{"rendered":"http:\/\/data.sedema.cdmx.gob.mx:9000\/bosquedechapultepec\/?page_id=3556"},"modified":"2026-02-24T10:35:09","modified_gmt":"2026-02-24T16:35:09","slug":"eventos","status":"publish","type":"page","link":"http:\/\/bosquedechapultepec.mx:9000\/bosquedechapultepec\/permisos\/eventos\/","title":{"rendered":"Eventos"},"content":{"rendered":"\t\t<div data-elementor-type=\"wp-page\" data-elementor-id=\"3556\" class=\"elementor elementor-3556\" data-elementor-post-type=\"page\">\n\t\t\t\t<div class=\"elementor-element elementor-element-191b292 e-flex e-con-boxed e-con e-parent\" data-id=\"191b292\" data-element_type=\"container\" data-settings=\"{&quot;background_background&quot;:&quot;classic&quot;}\">\n\t\t\t\t\t<div class=\"e-con-inner\">\n\t\t\t\t<div class=\"elementor-element elementor-element-af8b074 elementor-widget elementor-widget-heading\" data-id=\"af8b074\" data-element_type=\"widget\" data-widget_type=\"heading.default\">\n\t\t\t\t<div class=\"elementor-widget-container\">\n\t\t\t\t\t<h2 class=\"elementor-heading-title elementor-size-default\">Eventos<\/h2>\t\t\t\t<\/div>\n\t\t\t\t<\/div>\n\t\t\t\t\t<\/div>\n\t\t\t\t<\/div>\n\t\t<div class=\"elementor-element elementor-element-43ce8dc e-flex e-con-boxed e-con e-parent\" data-id=\"43ce8dc\" data-element_type=\"container\" data-settings=\"{&quot;background_background&quot;:&quot;classic&quot;}\">\n\t\t\t\t\t<div class=\"e-con-inner\">\n\t\t<div class=\"elementor-element elementor-element-ba1809e e-con-full e-flex e-con e-child\" data-id=\"ba1809e\" data-element_type=\"container\">\n\t\t\t\t<div class=\"elementor-element elementor-element-8644faf elementor-widget elementor-widget-text-editor\" data-id=\"8644faf\" data-element_type=\"widget\" data-widget_type=\"text-editor.default\">\n\t\t\t\t<div class=\"elementor-widget-container\">\n\t\t\t\t\t\t\t\t\tEl Bosque de Chapultepec es un espacio p\u00fablico con una riqueza natural y cultural incalculable. Para promover su disfrute de manera ordenada, la Direcci\u00f3n Ejecutiva del Bosque de Chapultepec autoriza cada una de las actividades que se realizan en sus espacios.\t\t\t\t\t\t\t\t<\/div>\n\t\t\t\t<\/div>\n\t\t\t\t<\/div>\n\t\t<div class=\"elementor-element elementor-element-2feba02 e-con-full e-flex e-con e-child\" data-id=\"2feba02\" data-element_type=\"container\">\n\t\t\t\t<div class=\"elementor-element elementor-element-ba1e342 elementor-widget elementor-widget-image\" data-id=\"ba1e342\" data-element_type=\"widget\" data-widget_type=\"image.default\">\n\t\t\t\t<div class=\"elementor-widget-container\">\n\t\t\t\t\t\t\t\t\t\t\t\t\t\t\t<img fetchpriority=\"high\" decoding=\"async\" width=\"291\" height=\"292\" src=\"http:\/\/bosquedechapultepec.mx:9000\/bosquedechapultepec\/wp-content\/uploads\/2024\/06\/actividad-fisica.svg\" class=\"attachment-full size-full wp-image-3526\" alt=\"\" \/>\t\t\t\t\t\t\t\t\t\t\t\t\t\t\t<\/div>\n\t\t\t\t<\/div>\n\t\t\t\t<\/div>\n\t\t\t\t\t<\/div>\n\t\t\t\t<\/div>\n\t\t<div class=\"elementor-element elementor-element-8f10371 e-flex e-con-boxed e-con e-parent\" data-id=\"8f10371\" data-element_type=\"container\" data-settings=\"{&quot;background_background&quot;:&quot;classic&quot;}\">\n\t\t\t\t\t<div class=\"e-con-inner\">\n\t\t\t\t<div class=\"elementor-element elementor-element-5e917cd elementor-widget elementor-widget-text-editor\" data-id=\"5e917cd\" data-element_type=\"widget\" data-widget_type=\"text-editor.default\">\n\t\t\t\t<div class=\"elementor-widget-container\">\n\t\t\t\t\t\t\t\t\t<p>Al solicitar actividades con antelaci\u00f3n y de manera organizada, colaboramos en la <strong>preservaci\u00f3n de la belleza natural del Bosque y el cuidado de su flora y fauna,<\/strong> asegurando que cada evento sea una experiencia positiva tanto para los participantes como para el entorno.<\/p>\t\t\t\t\t\t\t\t<\/div>\n\t\t\t\t<\/div>\n\t\t\t\t<div class=\"elementor-element elementor-element-6ccad97 elementor-hidden-desktop elementor-hidden-tablet elementor-widget elementor-widget-image\" data-id=\"6ccad97\" data-element_type=\"widget\" data-widget_type=\"image.default\">\n\t\t\t\t<div class=\"elementor-widget-container\">\n\t\t\t\t\t\t\t\t\t\t\t\t\t\t\t<img decoding=\"async\" width=\"321\" height=\"311\" src=\"http:\/\/bosquedechapultepec.mx:9000\/bosquedechapultepec\/wp-content\/uploads\/2024\/07\/bg-left-1.png\" class=\"attachment-full size-full wp-image-4737\" alt=\"\" srcset=\"http:\/\/bosquedechapultepec.mx:9000\/bosquedechapultepec\/wp-content\/uploads\/2024\/07\/bg-left-1.png 321w, http:\/\/bosquedechapultepec.mx:9000\/bosquedechapultepec\/wp-content\/uploads\/2024\/07\/bg-left-1-300x291.png 300w\" sizes=\"(max-width: 321px) 100vw, 321px\" \/>\t\t\t\t\t\t\t\t\t\t\t\t\t\t\t<\/div>\n\t\t\t\t<\/div>\n\t\t\t\t<div class=\"elementor-element elementor-element-2bb6f03 elementor-absolute elementor-hidden-mobile elementor-widget elementor-widget-image\" data-id=\"2bb6f03\" data-element_type=\"widget\" data-settings=\"{&quot;_position&quot;:&quot;absolute&quot;}\" data-widget_type=\"image.default\">\n\t\t\t\t<div class=\"elementor-widget-container\">\n\t\t\t\t\t\t\t\t\t\t\t\t\t\t\t<img decoding=\"async\" width=\"321\" height=\"311\" src=\"http:\/\/bosquedechapultepec.mx:9000\/bosquedechapultepec\/wp-content\/uploads\/2024\/07\/bg-left-1.png\" class=\"attachment-full size-full wp-image-4737\" alt=\"\" srcset=\"http:\/\/bosquedechapultepec.mx:9000\/bosquedechapultepec\/wp-content\/uploads\/2024\/07\/bg-left-1.png 321w, http:\/\/bosquedechapultepec.mx:9000\/bosquedechapultepec\/wp-content\/uploads\/2024\/07\/bg-left-1-300x291.png 300w\" sizes=\"(max-width: 321px) 100vw, 321px\" \/>\t\t\t\t\t\t\t\t\t\t\t\t\t\t\t<\/div>\n\t\t\t\t<\/div>\n\t\t\t\t<div class=\"elementor-element elementor-element-ef7d9d5 elementor-absolute elementor-hidden-mobile elementor-widget elementor-widget-image\" data-id=\"ef7d9d5\" data-element_type=\"widget\" data-settings=\"{&quot;_position&quot;:&quot;absolute&quot;}\" data-widget_type=\"image.default\">\n\t\t\t\t<div class=\"elementor-widget-container\">\n\t\t\t\t\t\t\t\t\t\t\t\t\t\t\t<img decoding=\"async\" width=\"321\" height=\"311\" src=\"http:\/\/bosquedechapultepec.mx:9000\/bosquedechapultepec\/wp-content\/uploads\/2024\/06\/bg-right-1.png\" class=\"attachment-full size-full wp-image-3500\" alt=\"\" srcset=\"http:\/\/bosquedechapultepec.mx:9000\/bosquedechapultepec\/wp-content\/uploads\/2024\/06\/bg-right-1.png 321w, http:\/\/bosquedechapultepec.mx:9000\/bosquedechapultepec\/wp-content\/uploads\/2024\/06\/bg-right-1-300x291.png 300w\" sizes=\"(max-width: 321px) 100vw, 321px\" \/>\t\t\t\t\t\t\t\t\t\t\t\t\t\t\t<\/div>\n\t\t\t\t<\/div>\n\t\t\t\t\t<\/div>\n\t\t\t\t<\/div>\n\t\t<div class=\"elementor-element elementor-element-8a9e33b e-flex e-con-boxed e-con e-parent\" data-id=\"8a9e33b\" data-element_type=\"container\" data-settings=\"{&quot;background_background&quot;:&quot;classic&quot;}\">\n\t\t\t\t\t<div class=\"e-con-inner\">\n\t\t<div class=\"elementor-element elementor-element-877a9b6 e-con-full e-flex e-con e-child\" data-id=\"877a9b6\" data-element_type=\"container\">\n\t\t<div class=\"elementor-element elementor-element-abc7894 e-flex e-con-boxed e-con e-child\" data-id=\"abc7894\" data-element_type=\"container\">\n\t\t\t\t\t<div class=\"e-con-inner\">\n\t\t\t\t<div class=\"elementor-element elementor-element-ebee1f8 elementor-widget elementor-widget-text-editor\" data-id=\"ebee1f8\" data-element_type=\"widget\" data-widget_type=\"text-editor.default\">\n\t\t\t\t<div class=\"elementor-widget-container\">\n\t\t\t\t\t\t\t\t\t<p>A continuaci\u00f3n, te presentamos los pasos necesarios para <strong>solicitar un permiso para la realizaci\u00f3n de eventos <\/strong>como presentaciones, fiestas, p\u00edcnics con montaje, ceremonias y activaciones.<\/p>\t\t\t\t\t\t\t\t<\/div>\n\t\t\t\t<\/div>\n\t\t\t\t\t<\/div>\n\t\t\t\t<\/div>\n\t\t<div class=\"elementor-element elementor-element-1d0b72b e-con-full e-flex e-con e-child\" data-id=\"1d0b72b\" data-element_type=\"container\">\n\t\t<div class=\"elementor-element elementor-element-1f87b7d e-con-full e-flex e-con e-child\" data-id=\"1f87b7d\" data-element_type=\"container\">\n\t\t<div class=\"elementor-element elementor-element-a9f25d5 e-con-full e-flex e-con e-child\" data-id=\"a9f25d5\" data-element_type=\"container\" data-settings=\"{&quot;background_background&quot;:&quot;classic&quot;}\">\n\t\t<div class=\"elementor-element elementor-element-4cd967f e-con-full e-flex e-con e-child\" data-id=\"4cd967f\" data-element_type=\"container\">\n\t\t\t\t<div class=\"elementor-element elementor-element-a122e28 elementor-widget elementor-widget-image\" data-id=\"a122e28\" data-element_type=\"widget\" data-widget_type=\"image.default\">\n\t\t\t\t<div class=\"elementor-widget-container\">\n\t\t\t\t\t\t\t\t\t\t\t\t\t\t\t<img loading=\"lazy\" decoding=\"async\" width=\"54\" height=\"54\" src=\"http:\/\/bosquedechapultepec.mx:9000\/bosquedechapultepec\/wp-content\/uploads\/2024\/06\/Green-circ.svg\" class=\"attachment-full size-full wp-image-3501\" alt=\"\" \/>\t\t\t\t\t\t\t\t\t\t\t\t\t\t\t<\/div>\n\t\t\t\t<\/div>\n\t\t\t\t<div class=\"elementor-element elementor-element-6805b90 elementor-hidden-mobile elementor-widget-divider--view-line elementor-widget elementor-widget-divider\" data-id=\"6805b90\" data-element_type=\"widget\" data-widget_type=\"divider.default\">\n\t\t\t\t<div class=\"elementor-widget-container\">\n\t\t\t\t\t\t\t<div class=\"elementor-divider\">\n\t\t\t<span class=\"elementor-divider-separator\">\n\t\t\t\t\t\t<\/span>\n\t\t<\/div>\n\t\t\t\t\t\t<\/div>\n\t\t\t\t<\/div>\n\t\t\t\t<\/div>\n\t\t\t\t<\/div>\n\t\t<div class=\"elementor-element elementor-element-95946ab e-con-full e-flex e-con e-child\" data-id=\"95946ab\" data-element_type=\"container\">\n\t\t<div class=\"elementor-element elementor-element-94aa28d e-con-full e-flex e-con e-child\" data-id=\"94aa28d\" data-element_type=\"container\">\n\t\t\t\t<div class=\"elementor-element elementor-element-d8f8e3b elementor-widget elementor-widget-image\" data-id=\"d8f8e3b\" data-element_type=\"widget\" data-widget_type=\"image.default\">\n\t\t\t\t<div class=\"elementor-widget-container\">\n\t\t\t\t\t\t\t\t\t\t\t\t\t\t\t<img loading=\"lazy\" decoding=\"async\" width=\"163\" height=\"164\" src=\"http:\/\/bosquedechapultepec.mx:9000\/bosquedechapultepec\/wp-content\/uploads\/2024\/06\/Solicitud.svg\" class=\"attachment-full size-full wp-image-3503\" alt=\"\" \/>\t\t\t\t\t\t\t\t\t\t\t\t\t\t\t<\/div>\n\t\t\t\t<\/div>\n\t\t\t\t<\/div>\n\t\t<div class=\"elementor-element elementor-element-698e4a4 e-con-full e-flex e-con e-child\" data-id=\"698e4a4\" data-element_type=\"container\">\n\t\t\t\t<div class=\"elementor-element elementor-element-b772e80 elementor-widget elementor-widget-text-editor\" data-id=\"b772e80\" data-element_type=\"widget\" data-widget_type=\"text-editor.default\">\n\t\t\t\t<div class=\"elementor-widget-container\">\n\t\t\t\t\t\t\t\t\t<p><strong>Paso 1: Solicitud<\/strong><\/p><p>Ingresa un oficio solicitando el permiso dirigido a la Lic. Natasha Uren V\u00e1zquez, Directora Ejecutiva del Bosque de Chapultepec, con los siguientes datos:<\/p><ul><li><strong>D\u00eda y horario:<\/strong><br \/>Tiempo de duraci\u00f3n del evento, incluyendo montaje y desmontaje.<\/li><li><strong>Lugar:<\/strong><br \/>Lugar y\/o secci\u00f3n del Bosque que se solicita.<\/li><li><strong>Objetivo:<\/strong><br \/>Tipo y objetivo del evento.<\/li><li><strong>Minuto a minuto:<\/strong><br \/>Montaje, desarrollo del evento y desmontaje.<\/li><li><strong>Aforo:<\/strong><br \/>N\u00famero de asistentes.<\/li><li><strong>Log\u00edstica:<\/strong><br \/>Log\u00edstica detallada del mismo (layout), y con ruta establecida en el Bosque de Chapultepec, en caso de tratarse de un evento deportivo.<\/li><li><strong>Equipo:<\/strong><br \/>Listado del equipo tecnol\u00f3gico que ingresar\u00e1n (fotogr\u00e1fico o f\u00edlmico).<\/li><li><strong>Gui\u00f3n:<br \/><\/strong>Storyboard o gui\u00f3n (en caso de filmaci\u00f3n).<\/li><li><strong>Personal:<\/strong><br \/>Lista del personal (seguridad, staff, montadores, t\u00e9cnicos).<\/li><li><strong>Datos de contacto:<\/strong><br \/>Correo y n\u00famero telef\u00f3nico del responsable presente en el evento.<\/li><li><strong>Autorizaci\u00f3n:<\/strong><br \/>Si el evento prev\u00e9 la asistencia de m\u00e1s de 500 asistentes, debe presentar la Autorizaci\u00f3n del Programa Especial de Protecci\u00f3n Civil.<\/li><\/ul>\t\t\t\t\t\t\t\t<\/div>\n\t\t\t\t<\/div>\n\t\t\t\t<\/div>\n\t\t\t\t<\/div>\n\t\t\t\t<\/div>\n\t\t<div class=\"elementor-element elementor-element-65462b7 e-con-full e-flex e-con e-child\" data-id=\"65462b7\" data-element_type=\"container\">\n\t\t<div class=\"elementor-element elementor-element-cd7a8e3 e-con-full e-flex e-con e-child\" data-id=\"cd7a8e3\" data-element_type=\"container\" data-settings=\"{&quot;background_background&quot;:&quot;classic&quot;}\">\n\t\t<div class=\"elementor-element elementor-element-728dbbb e-con-full e-flex e-con e-child\" data-id=\"728dbbb\" data-element_type=\"container\">\n\t\t\t\t<div class=\"elementor-element elementor-element-e461a8b elementor-widget elementor-widget-image\" data-id=\"e461a8b\" data-element_type=\"widget\" data-widget_type=\"image.default\">\n\t\t\t\t<div class=\"elementor-widget-container\">\n\t\t\t\t\t\t\t\t\t\t\t\t\t\t\t<img loading=\"lazy\" decoding=\"async\" width=\"54\" height=\"54\" src=\"http:\/\/bosquedechapultepec.mx:9000\/bosquedechapultepec\/wp-content\/uploads\/2024\/06\/Green-circ.svg\" class=\"attachment-full size-full wp-image-3501\" alt=\"\" \/>\t\t\t\t\t\t\t\t\t\t\t\t\t\t\t<\/div>\n\t\t\t\t<\/div>\n\t\t\t\t<div class=\"elementor-element elementor-element-917cb60 elementor-hidden-mobile elementor-widget-divider--view-line elementor-widget elementor-widget-divider\" data-id=\"917cb60\" data-element_type=\"widget\" data-widget_type=\"divider.default\">\n\t\t\t\t<div class=\"elementor-widget-container\">\n\t\t\t\t\t\t\t<div class=\"elementor-divider\">\n\t\t\t<span class=\"elementor-divider-separator\">\n\t\t\t\t\t\t<\/span>\n\t\t<\/div>\n\t\t\t\t\t\t<\/div>\n\t\t\t\t<\/div>\n\t\t\t\t<\/div>\n\t\t\t\t<\/div>\n\t\t<div class=\"elementor-element elementor-element-086fdaf e-con-full e-flex e-con e-child\" data-id=\"086fdaf\" data-element_type=\"container\">\n\t\t<div class=\"elementor-element elementor-element-9558941 e-con-full e-flex e-con e-child\" data-id=\"9558941\" data-element_type=\"container\">\n\t\t\t\t<div class=\"elementor-element elementor-element-2101cf7 elementor-widget elementor-widget-image\" data-id=\"2101cf7\" data-element_type=\"widget\" data-widget_type=\"image.default\">\n\t\t\t\t<div class=\"elementor-widget-container\">\n\t\t\t\t\t\t\t\t\t\t\t\t\t\t\t<img loading=\"lazy\" decoding=\"async\" width=\"163\" height=\"164\" src=\"http:\/\/bosquedechapultepec.mx:9000\/bosquedechapultepec\/wp-content\/uploads\/2024\/06\/Entrega-de-la-solicitud.svg\" class=\"attachment-full size-full wp-image-3504\" alt=\"\" \/>\t\t\t\t\t\t\t\t\t\t\t\t\t\t\t<\/div>\n\t\t\t\t<\/div>\n\t\t\t\t<\/div>\n\t\t<div class=\"elementor-element elementor-element-c78ed2e e-con-full e-flex e-con e-child\" data-id=\"c78ed2e\" data-element_type=\"container\">\n\t\t\t\t<div class=\"elementor-element elementor-element-cd4f925 elementor-widget elementor-widget-text-editor\" data-id=\"cd4f925\" data-element_type=\"widget\" data-widget_type=\"text-editor.default\">\n\t\t\t\t<div class=\"elementor-widget-container\">\n\t\t\t\t\t\t\t\t\t<p><strong>Paso 2: Entrega de la solicitud<\/strong><\/p><p>Entrega de manera presencial con copia a Oficial\u00eda de Partes.<\/p><ul><li><strong>Recepci\u00f3n Documental:<\/strong><br \/>Primera Secci\u00f3n. Av. Reforma S\/N, Col. San Miguel Chapultepec, Alcald\u00eda Miguel Hidalgo. CP. 11860, Ciudad de M\u00e9xico, CDMX.<\/li><li><strong>Horarios:<\/strong><br \/>Lunes a jueves de 09:00 a 15:00 horas<br \/>Viernes de 09:00 a 13:00 horas<\/li><\/ul>\t\t\t\t\t\t\t\t<\/div>\n\t\t\t\t<\/div>\n\t\t\t\t<\/div>\n\t\t\t\t<\/div>\n\t\t\t\t<\/div>\n\t\t<div class=\"elementor-element elementor-element-2b7ee04 e-con-full e-flex e-con e-child\" data-id=\"2b7ee04\" data-element_type=\"container\">\n\t\t<div class=\"elementor-element elementor-element-3a3c85b e-con-full e-flex e-con e-child\" data-id=\"3a3c85b\" data-element_type=\"container\" data-settings=\"{&quot;background_background&quot;:&quot;classic&quot;}\">\n\t\t<div class=\"elementor-element elementor-element-f41949c e-con-full e-flex e-con e-child\" data-id=\"f41949c\" data-element_type=\"container\">\n\t\t\t\t<div class=\"elementor-element elementor-element-438eb51 elementor-widget elementor-widget-image\" data-id=\"438eb51\" data-element_type=\"widget\" data-widget_type=\"image.default\">\n\t\t\t\t<div class=\"elementor-widget-container\">\n\t\t\t\t\t\t\t\t\t\t\t\t\t\t\t<img loading=\"lazy\" decoding=\"async\" width=\"54\" height=\"54\" src=\"http:\/\/bosquedechapultepec.mx:9000\/bosquedechapultepec\/wp-content\/uploads\/2024\/06\/Green-circ.svg\" class=\"attachment-full size-full wp-image-3501\" alt=\"\" \/>\t\t\t\t\t\t\t\t\t\t\t\t\t\t\t<\/div>\n\t\t\t\t<\/div>\n\t\t\t\t<div class=\"elementor-element elementor-element-5560c9c elementor-hidden-mobile elementor-widget-divider--view-line elementor-widget elementor-widget-divider\" data-id=\"5560c9c\" data-element_type=\"widget\" data-widget_type=\"divider.default\">\n\t\t\t\t<div class=\"elementor-widget-container\">\n\t\t\t\t\t\t\t<div class=\"elementor-divider\">\n\t\t\t<span class=\"elementor-divider-separator\">\n\t\t\t\t\t\t<\/span>\n\t\t<\/div>\n\t\t\t\t\t\t<\/div>\n\t\t\t\t<\/div>\n\t\t\t\t<\/div>\n\t\t\t\t<\/div>\n\t\t<div class=\"elementor-element elementor-element-8b37b13 e-con-full e-flex e-con e-child\" data-id=\"8b37b13\" data-element_type=\"container\">\n\t\t<div class=\"elementor-element elementor-element-f122745 e-con-full e-flex e-con e-child\" data-id=\"f122745\" data-element_type=\"container\">\n\t\t\t\t<div class=\"elementor-element elementor-element-fcfec70 elementor-widget elementor-widget-image\" data-id=\"fcfec70\" data-element_type=\"widget\" data-widget_type=\"image.default\">\n\t\t\t\t<div class=\"elementor-widget-container\">\n\t\t\t\t\t\t\t\t\t\t\t\t\t\t\t<img loading=\"lazy\" decoding=\"async\" width=\"163\" height=\"164\" src=\"http:\/\/bosquedechapultepec.mx:9000\/bosquedechapultepec\/wp-content\/uploads\/2024\/06\/Respuesta-y-procedimiento.svg\" class=\"attachment-full size-full wp-image-3506\" alt=\"\" \/>\t\t\t\t\t\t\t\t\t\t\t\t\t\t\t<\/div>\n\t\t\t\t<\/div>\n\t\t\t\t<\/div>\n\t\t<div class=\"elementor-element elementor-element-8cf1110 e-con-full e-flex e-con e-child\" data-id=\"8cf1110\" data-element_type=\"container\">\n\t\t\t\t<div class=\"elementor-element elementor-element-f2591d0 elementor-widget elementor-widget-text-editor\" data-id=\"f2591d0\" data-element_type=\"widget\" data-widget_type=\"text-editor.default\">\n\t\t\t\t<div class=\"elementor-widget-container\">\n\t\t\t\t\t\t\t\t\t<p><strong>Paso 3: Respuesta y procedimiento<\/strong><\/p><p>\u00a0<\/p><p>La Direcci\u00f3n Ejecutiva del Bosque de Chapultepec evaluar\u00e1 tu solicitud en <strong>20 d\u00edas naturales.<\/strong><\/p><p>\u00a0<\/p><p>Recibir\u00e1s respuesta sobre la procedencia de la petici\u00f3n y las\u00a0<strong>indicaciones de pago.<\/strong> Si se requiere informaci\u00f3n adicional, tendr\u00e1s\u00a0<strong>5 d\u00edas h\u00e1biles para presentarla.<\/strong><\/p>\t\t\t\t\t\t\t\t<\/div>\n\t\t\t\t<\/div>\n\t\t\t\t<\/div>\n\t\t\t\t<\/div>\n\t\t\t\t<\/div>\n\t\t<div class=\"elementor-element elementor-element-01011cf e-con-full e-flex e-con e-child\" data-id=\"01011cf\" data-element_type=\"container\">\n\t\t<div class=\"elementor-element elementor-element-b876529 e-con-full e-flex e-con e-child\" data-id=\"b876529\" data-element_type=\"container\" data-settings=\"{&quot;background_background&quot;:&quot;classic&quot;}\">\n\t\t<div class=\"elementor-element elementor-element-607f402 e-con-full e-flex e-con e-child\" data-id=\"607f402\" data-element_type=\"container\">\n\t\t\t\t<div class=\"elementor-element elementor-element-cdebd56 elementor-widget elementor-widget-image\" data-id=\"cdebd56\" data-element_type=\"widget\" data-widget_type=\"image.default\">\n\t\t\t\t<div class=\"elementor-widget-container\">\n\t\t\t\t\t\t\t\t\t\t\t\t\t\t\t<img loading=\"lazy\" decoding=\"async\" width=\"54\" height=\"54\" src=\"http:\/\/bosquedechapultepec.mx:9000\/bosquedechapultepec\/wp-content\/uploads\/2024\/06\/Green-circ.svg\" class=\"attachment-full size-full wp-image-3501\" alt=\"\" \/>\t\t\t\t\t\t\t\t\t\t\t\t\t\t\t<\/div>\n\t\t\t\t<\/div>\n\t\t\t\t<div class=\"elementor-element elementor-element-cda07ec elementor-hidden-mobile elementor-widget-divider--view-line elementor-widget elementor-widget-divider\" data-id=\"cda07ec\" data-element_type=\"widget\" data-widget_type=\"divider.default\">\n\t\t\t\t<div class=\"elementor-widget-container\">\n\t\t\t\t\t\t\t<div class=\"elementor-divider\">\n\t\t\t<span class=\"elementor-divider-separator\">\n\t\t\t\t\t\t<\/span>\n\t\t<\/div>\n\t\t\t\t\t\t<\/div>\n\t\t\t\t<\/div>\n\t\t\t\t<\/div>\n\t\t\t\t<\/div>\n\t\t<div class=\"elementor-element elementor-element-5d5102b e-con-full e-flex e-con e-child\" data-id=\"5d5102b\" data-element_type=\"container\">\n\t\t<div class=\"elementor-element elementor-element-38b8455 e-con-full e-flex e-con e-child\" data-id=\"38b8455\" data-element_type=\"container\">\n\t\t\t\t<div class=\"elementor-element elementor-element-9dec21f elementor-widget elementor-widget-image\" data-id=\"9dec21f\" data-element_type=\"widget\" data-widget_type=\"image.default\">\n\t\t\t\t<div class=\"elementor-widget-container\">\n\t\t\t\t\t\t\t\t\t\t\t\t\t\t\t<img loading=\"lazy\" decoding=\"async\" width=\"163\" height=\"164\" src=\"http:\/\/bosquedechapultepec.mx:9000\/bosquedechapultepec\/wp-content\/uploads\/2024\/06\/Autorizacion.svg\" class=\"attachment-full size-full wp-image-3505\" alt=\"\" \/>\t\t\t\t\t\t\t\t\t\t\t\t\t\t\t<\/div>\n\t\t\t\t<\/div>\n\t\t\t\t<\/div>\n\t\t<div class=\"elementor-element elementor-element-c13e9cc e-con-full e-flex e-con e-child\" data-id=\"c13e9cc\" data-element_type=\"container\">\n\t\t\t\t<div class=\"elementor-element elementor-element-1904268 elementor-widget elementor-widget-text-editor\" data-id=\"1904268\" data-element_type=\"widget\" data-widget_type=\"text-editor.default\">\n\t\t\t\t<div class=\"elementor-widget-container\">\n\t\t\t\t\t\t\t\t\t<p><strong>Paso 4: Autorizaci\u00f3n<\/strong><\/p><p>\u00a0<\/p><p>Una vez autorizada, sigue las indicaciones proporcionadas para llevar a cabo tu evento.<br \/><br \/>Sin respuesta en el plazo indicado, se considerar\u00e1 no autorizado.<\/p>\t\t\t\t\t\t\t\t<\/div>\n\t\t\t\t<\/div>\n\t\t\t\t<\/div>\n\t\t\t\t<\/div>\n\t\t\t\t<\/div>\n\t\t\t\t<\/div>\n\t\t\t\t<div class=\"elementor-element elementor-element-11469b9 elementor-absolute elementor-hidden-mobile elementor-widget elementor-widget-image\" data-id=\"11469b9\" data-element_type=\"widget\" data-settings=\"{&quot;_position&quot;:&quot;absolute&quot;}\" data-widget_type=\"image.default\">\n\t\t\t\t<div class=\"elementor-widget-container\">\n\t\t\t\t\t\t\t\t\t\t\t\t\t\t\t<img loading=\"lazy\" decoding=\"async\" width=\"1046\" height=\"1123\" src=\"http:\/\/bosquedechapultepec.mx:9000\/bosquedechapultepec\/wp-content\/uploads\/2024\/06\/svg-tramites-sec3.svg\" class=\"attachment-full size-full wp-image-3513\" alt=\"\" \/>\t\t\t\t\t\t\t\t\t\t\t\t\t\t\t<\/div>\n\t\t\t\t<\/div>\n\t\t\t\t<\/div>\n\t\t\t\t<div class=\"elementor-element elementor-element-b4375d7 elementor-align-center elementor-hidden-desktop elementor-hidden-tablet elementor-widget elementor-widget-button\" data-id=\"b4375d7\" data-element_type=\"widget\" data-widget_type=\"button.default\">\n\t\t\t\t<div class=\"elementor-widget-container\">\n\t\t\t\t\t\t\t\t\t<div class=\"elementor-button-wrapper\">\n\t\t\t\t\t<a class=\"elementor-button elementor-button-link elementor-size-sm\" href=\"http:\/\/data.sedema.cdmx.gob.mx:9000\/bosquedechapultepec\/wp-content\/uploads\/2025\/02\/GACETA-14FEB25.pdf\">\n\t\t\t\t\t\t<span class=\"elementor-button-content-wrapper\">\n\t\t\t\t\t\t\t\t\t<span class=\"elementor-button-text\">Consulta la lista de costos <\/span>\n\t\t\t\t\t<\/span>\n\t\t\t\t\t<\/a>\n\t\t\t\t<\/div>\n\t\t\t\t\t\t\t\t<\/div>\n\t\t\t\t<\/div>\n\t\t\t\t<div class=\"elementor-element elementor-element-708ec9a elementor-align-center elementor-hidden-mobile elementor-widget elementor-widget-button\" data-id=\"708ec9a\" data-element_type=\"widget\" data-widget_type=\"button.default\">\n\t\t\t\t<div class=\"elementor-widget-container\">\n\t\t\t\t\t\t\t\t\t<div class=\"elementor-button-wrapper\">\n\t\t\t\t\t<a class=\"elementor-button elementor-button-link elementor-size-sm\" href=\"http:\/\/bosquedechapultepec.mx:9000\/bosquedechapultepec\/wp-content\/uploads\/2026\/02\/Gaceta-19-de-febrero-2016.pdf\">\n\t\t\t\t\t\t<span class=\"elementor-button-content-wrapper\">\n\t\t\t\t\t\t\t\t\t<span class=\"elementor-button-text\">Consulta la lista de costos autorizados por el Gobierno de la CDMX<\/span>\n\t\t\t\t\t<\/span>\n\t\t\t\t\t<\/a>\n\t\t\t\t<\/div>\n\t\t\t\t\t\t\t\t<\/div>\n\t\t\t\t<\/div>\n\t\t\t\t\t<\/div>\n\t\t\t\t<\/div>\n\t\t\t\t<\/div>\n\t\t","protected":false},"excerpt":{"rendered":"<p>Eventos El Bosque de Chapultepec es un espacio p\u00fablico con una riqueza natural y cultural incalculable. Para promover su disfrute de manera ordenada, la Direcci\u00f3n Ejecutiva del Bosque de Chapultepec autoriza cada una de las actividades que se realizan en sus espacios. Al solicitar actividades con antelaci\u00f3n y de manera organizada, colaboramos en la preservaci\u00f3n [&hellip;]<\/p>\n","protected":false},"author":1,"featured_media":0,"parent":2794,"menu_order":0,"comment_status":"closed","ping_status":"closed","template":"elementor_header_footer","meta":{"_acf_changed":false,"inline_featured_image":false,"footnotes":""},"class_list":["post-3556","page","type-page","status-publish","hentry"],"acf":[],"_links":{"self":[{"href":"http:\/\/bosquedechapultepec.mx:9000\/bosquedechapultepec\/wp-json\/wp\/v2\/pages\/3556","targetHints":{"allow":["GET"]}}],"collection":[{"href":"http:\/\/bosquedechapultepec.mx:9000\/bosquedechapultepec\/wp-json\/wp\/v2\/pages"}],"about":[{"href":"http:\/\/bosquedechapultepec.mx:9000\/bosquedechapultepec\/wp-json\/wp\/v2\/types\/page"}],"author":[{"embeddable":true,"href":"http:\/\/bosquedechapultepec.mx:9000\/bosquedechapultepec\/wp-json\/wp\/v2\/users\/1"}],"replies":[{"embeddable":true,"href":"http:\/\/bosquedechapultepec.mx:9000\/bosquedechapultepec\/wp-json\/wp\/v2\/comments?post=3556"}],"version-history":[{"count":0,"href":"http:\/\/bosquedechapultepec.mx:9000\/bosquedechapultepec\/wp-json\/wp\/v2\/pages\/3556\/revisions"}],"up":[{"embeddable":true,"href":"http:\/\/bosquedechapultepec.mx:9000\/bosquedechapultepec\/wp-json\/wp\/v2\/pages\/2794"}],"wp:attachment":[{"href":"http:\/\/bosquedechapultepec.mx:9000\/bosquedechapultepec\/wp-json\/wp\/v2\/media?parent=3556"}],"curies":[{"name":"wp","href":"https:\/\/api.w.org\/{rel}","templated":true}]}}