{"id":3524,"date":"2024-06-21T11:47:38","date_gmt":"2024-06-21T16:47:38","guid":{"rendered":"http:\/\/data.sedema.cdmx.gob.mx:9000\/bosquedechapultepec\/?page_id=3524"},"modified":"2026-04-17T14:29:40","modified_gmt":"2026-04-17T19:29:40","slug":"actividades-deportivas","status":"publish","type":"page","link":"http:\/\/bosquedechapultepec.mx:9000\/bosquedechapultepec\/permisos\/actividades-deportivas\/","title":{"rendered":"Actividades Deportivas"},"content":{"rendered":"\t\t<div data-elementor-type=\"wp-page\" data-elementor-id=\"3524\" class=\"elementor elementor-3524\" data-elementor-post-type=\"page\">\n\t\t\t\t<div class=\"elementor-element elementor-element-16d0649 e-flex e-con-boxed e-con e-parent\" data-id=\"16d0649\" data-element_type=\"container\" data-settings=\"{&quot;background_background&quot;:&quot;classic&quot;}\">\n\t\t\t\t\t<div class=\"e-con-inner\">\n\t\t\t\t<div class=\"elementor-element elementor-element-891eea1 elementor-widget elementor-widget-heading\" data-id=\"891eea1\" data-element_type=\"widget\" data-widget_type=\"heading.default\">\n\t\t\t\t<div class=\"elementor-widget-container\">\n\t\t\t\t\t<h2 class=\"elementor-heading-title elementor-size-default\">Actividades Deportivas<\/h2>\t\t\t\t<\/div>\n\t\t\t\t<\/div>\n\t\t\t\t\t<\/div>\n\t\t\t\t<\/div>\n\t\t<div class=\"elementor-element elementor-element-7e4a062 e-flex e-con-boxed e-con e-parent\" data-id=\"7e4a062\" data-element_type=\"container\" data-settings=\"{&quot;background_background&quot;:&quot;classic&quot;}\">\n\t\t\t\t\t<div class=\"e-con-inner\">\n\t\t<div class=\"elementor-element elementor-element-05ae853 e-con-full e-flex e-con e-child\" data-id=\"05ae853\" data-element_type=\"container\">\n\t\t\t\t<div class=\"elementor-element elementor-element-41e4807 elementor-widget elementor-widget-text-editor\" data-id=\"41e4807\" data-element_type=\"widget\" data-widget_type=\"text-editor.default\">\n\t\t\t\t<div class=\"elementor-widget-container\">\n\t\t\t\t\t\t\t\t\t<p>El Bosque de Chapultepec es un espacio id\u00f3neo para la realizaci\u00f3n de <strong>eventos que fomenten la actividad f\u00edsica, la sana recreaci\u00f3n y un estilo de vida saludable.<\/strong><\/p>\t\t\t\t\t\t\t\t<\/div>\n\t\t\t\t<\/div>\n\t\t\t\t<\/div>\n\t\t<div class=\"elementor-element elementor-element-0d3b8e9 e-con-full e-flex e-con e-child\" data-id=\"0d3b8e9\" data-element_type=\"container\">\n\t\t\t\t<div class=\"elementor-element elementor-element-191f2ca elementor-widget elementor-widget-image\" data-id=\"191f2ca\" data-element_type=\"widget\" data-widget_type=\"image.default\">\n\t\t\t\t<div class=\"elementor-widget-container\">\n\t\t\t\t\t\t\t\t\t\t\t\t\t\t\t<img fetchpriority=\"high\" decoding=\"async\" width=\"291\" height=\"292\" src=\"http:\/\/bosquedechapultepec.mx:9000\/bosquedechapultepec\/wp-content\/uploads\/2024\/06\/actividad-fisica.svg\" class=\"attachment-full size-full wp-image-3526\" alt=\"\" \/>\t\t\t\t\t\t\t\t\t\t\t\t\t\t\t<\/div>\n\t\t\t\t<\/div>\n\t\t\t\t<\/div>\n\t\t\t\t\t<\/div>\n\t\t\t\t<\/div>\n\t\t<div class=\"elementor-element elementor-element-894c8a2 e-flex e-con-boxed e-con e-parent\" data-id=\"894c8a2\" data-element_type=\"container\" data-settings=\"{&quot;background_background&quot;:&quot;classic&quot;}\">\n\t\t\t\t\t<div class=\"e-con-inner\">\n\t\t\t\t<div class=\"elementor-element elementor-element-e01cf5d elementor-widget elementor-widget-text-editor\" data-id=\"e01cf5d\" data-element_type=\"widget\" data-widget_type=\"text-editor.default\">\n\t\t\t\t<div class=\"elementor-widget-container\">\n\t\t\t\t\t\t\t\t\t<p>El pago por el uso de espacios p\u00fablicos para filmaciones y sesiones fotogr\u00e1ficas es fundamental para respaldar la conservaci\u00f3n y mejora del Bosque de Chapultepec. <strong>Tu contribuci\u00f3n garantiza el mantenimiento de la infraestructura, la preservaci\u00f3n de \u00e1reas verdes y el apoyo a programas de conservaci\u00f3n<\/strong>. Esta inversi\u00f3n asegura que estos espacios p\u00fablicos sigan siendo accesibles y en \u00f3ptimas condiciones para disfrute de sus visitantes.<\/p>\t\t\t\t\t\t\t\t<\/div>\n\t\t\t\t<\/div>\n\t\t\t\t<div class=\"elementor-element elementor-element-6f9e5c0 elementor-hidden-desktop elementor-hidden-tablet elementor-widget elementor-widget-image\" data-id=\"6f9e5c0\" data-element_type=\"widget\" data-widget_type=\"image.default\">\n\t\t\t\t<div class=\"elementor-widget-container\">\n\t\t\t\t\t\t\t\t\t\t\t\t\t\t\t<img decoding=\"async\" width=\"321\" height=\"311\" src=\"http:\/\/bosquedechapultepec.mx:9000\/bosquedechapultepec\/wp-content\/uploads\/2024\/07\/bg-left-1.png\" class=\"attachment-full size-full wp-image-4737\" alt=\"\" srcset=\"http:\/\/bosquedechapultepec.mx:9000\/bosquedechapultepec\/wp-content\/uploads\/2024\/07\/bg-left-1.png 321w, http:\/\/bosquedechapultepec.mx:9000\/bosquedechapultepec\/wp-content\/uploads\/2024\/07\/bg-left-1-300x291.png 300w\" sizes=\"(max-width: 321px) 100vw, 321px\" \/>\t\t\t\t\t\t\t\t\t\t\t\t\t\t\t<\/div>\n\t\t\t\t<\/div>\n\t\t\t\t<div class=\"elementor-element elementor-element-60f5a3d elementor-absolute elementor-hidden-mobile elementor-widget elementor-widget-image\" data-id=\"60f5a3d\" data-element_type=\"widget\" data-settings=\"{&quot;_position&quot;:&quot;absolute&quot;}\" data-widget_type=\"image.default\">\n\t\t\t\t<div class=\"elementor-widget-container\">\n\t\t\t\t\t\t\t\t\t\t\t\t\t\t\t<img decoding=\"async\" width=\"321\" height=\"311\" src=\"http:\/\/bosquedechapultepec.mx:9000\/bosquedechapultepec\/wp-content\/uploads\/2024\/07\/bg-left-1.png\" class=\"attachment-full size-full wp-image-4737\" alt=\"\" srcset=\"http:\/\/bosquedechapultepec.mx:9000\/bosquedechapultepec\/wp-content\/uploads\/2024\/07\/bg-left-1.png 321w, http:\/\/bosquedechapultepec.mx:9000\/bosquedechapultepec\/wp-content\/uploads\/2024\/07\/bg-left-1-300x291.png 300w\" sizes=\"(max-width: 321px) 100vw, 321px\" \/>\t\t\t\t\t\t\t\t\t\t\t\t\t\t\t<\/div>\n\t\t\t\t<\/div>\n\t\t\t\t<div class=\"elementor-element elementor-element-86dc491 elementor-absolute elementor-hidden-mobile elementor-widget elementor-widget-image\" data-id=\"86dc491\" data-element_type=\"widget\" data-settings=\"{&quot;_position&quot;:&quot;absolute&quot;}\" data-widget_type=\"image.default\">\n\t\t\t\t<div class=\"elementor-widget-container\">\n\t\t\t\t\t\t\t\t\t\t\t\t\t\t\t<img decoding=\"async\" width=\"321\" height=\"311\" src=\"http:\/\/bosquedechapultepec.mx:9000\/bosquedechapultepec\/wp-content\/uploads\/2024\/06\/bg-right-1.png\" class=\"attachment-full size-full wp-image-3500\" alt=\"\" srcset=\"http:\/\/bosquedechapultepec.mx:9000\/bosquedechapultepec\/wp-content\/uploads\/2024\/06\/bg-right-1.png 321w, http:\/\/bosquedechapultepec.mx:9000\/bosquedechapultepec\/wp-content\/uploads\/2024\/06\/bg-right-1-300x291.png 300w\" sizes=\"(max-width: 321px) 100vw, 321px\" \/>\t\t\t\t\t\t\t\t\t\t\t\t\t\t\t<\/div>\n\t\t\t\t<\/div>\n\t\t\t\t\t<\/div>\n\t\t\t\t<\/div>\n\t\t<div class=\"elementor-element elementor-element-8976158 e-flex e-con-boxed e-con e-parent\" data-id=\"8976158\" data-element_type=\"container\" data-settings=\"{&quot;background_background&quot;:&quot;classic&quot;}\">\n\t\t\t\t\t<div class=\"e-con-inner\">\n\t\t<div class=\"elementor-element elementor-element-05e7988 e-con-full e-flex e-con e-child\" data-id=\"05e7988\" data-element_type=\"container\">\n\t\t<div class=\"elementor-element elementor-element-717b7df e-flex e-con-boxed e-con e-child\" data-id=\"717b7df\" data-element_type=\"container\">\n\t\t\t\t\t<div class=\"e-con-inner\">\n\t\t\t\t<div class=\"elementor-element elementor-element-9803b1d elementor-widget elementor-widget-text-editor\" data-id=\"9803b1d\" data-element_type=\"widget\" data-widget_type=\"text-editor.default\">\n\t\t\t\t<div class=\"elementor-widget-container\">\n\t\t\t\t\t\t\t\t\t<p>A continuaci\u00f3n, te presentamos los pasos necesarios para <strong>solicitar un permiso para la realizaci\u00f3n de eventos deportivos<\/strong> como carreras atl\u00e9ticas y activaciones deportivas.<\/p>\t\t\t\t\t\t\t\t<\/div>\n\t\t\t\t<\/div>\n\t\t\t\t\t<\/div>\n\t\t\t\t<\/div>\n\t\t<div class=\"elementor-element elementor-element-98ddb8e e-con-full e-flex e-con e-child\" data-id=\"98ddb8e\" data-element_type=\"container\">\n\t\t<div class=\"elementor-element elementor-element-0ec4cc1 e-con-full e-flex e-con e-child\" data-id=\"0ec4cc1\" data-element_type=\"container\">\n\t\t<div class=\"elementor-element elementor-element-3f9d1f5 e-con-full e-flex e-con e-child\" data-id=\"3f9d1f5\" data-element_type=\"container\" data-settings=\"{&quot;background_background&quot;:&quot;classic&quot;}\">\n\t\t<div class=\"elementor-element elementor-element-538c76c e-con-full e-flex e-con e-child\" data-id=\"538c76c\" data-element_type=\"container\">\n\t\t\t\t<div class=\"elementor-element elementor-element-5da6ee6 elementor-widget elementor-widget-image\" data-id=\"5da6ee6\" data-element_type=\"widget\" data-widget_type=\"image.default\">\n\t\t\t\t<div class=\"elementor-widget-container\">\n\t\t\t\t\t\t\t\t\t\t\t\t\t\t\t<img loading=\"lazy\" decoding=\"async\" width=\"54\" height=\"54\" src=\"http:\/\/bosquedechapultepec.mx:9000\/bosquedechapultepec\/wp-content\/uploads\/2024\/06\/Green-circ.svg\" class=\"attachment-full size-full wp-image-3501\" alt=\"\" \/>\t\t\t\t\t\t\t\t\t\t\t\t\t\t\t<\/div>\n\t\t\t\t<\/div>\n\t\t\t\t<div class=\"elementor-element elementor-element-c629279 elementor-hidden-mobile elementor-widget-divider--view-line elementor-widget elementor-widget-divider\" data-id=\"c629279\" data-element_type=\"widget\" data-widget_type=\"divider.default\">\n\t\t\t\t<div class=\"elementor-widget-container\">\n\t\t\t\t\t\t\t<div class=\"elementor-divider\">\n\t\t\t<span class=\"elementor-divider-separator\">\n\t\t\t\t\t\t<\/span>\n\t\t<\/div>\n\t\t\t\t\t\t<\/div>\n\t\t\t\t<\/div>\n\t\t\t\t<\/div>\n\t\t\t\t<\/div>\n\t\t<div class=\"elementor-element elementor-element-aaa6286 e-con-full e-flex e-con e-child\" data-id=\"aaa6286\" data-element_type=\"container\">\n\t\t<div class=\"elementor-element elementor-element-e0fc0f1 e-con-full e-flex e-con e-child\" data-id=\"e0fc0f1\" data-element_type=\"container\">\n\t\t\t\t<div class=\"elementor-element elementor-element-0d0bc28 elementor-widget elementor-widget-image\" data-id=\"0d0bc28\" data-element_type=\"widget\" data-widget_type=\"image.default\">\n\t\t\t\t<div class=\"elementor-widget-container\">\n\t\t\t\t\t\t\t\t\t\t\t\t\t\t\t<img loading=\"lazy\" decoding=\"async\" width=\"163\" height=\"164\" src=\"http:\/\/bosquedechapultepec.mx:9000\/bosquedechapultepec\/wp-content\/uploads\/2024\/06\/Solicitud.svg\" class=\"attachment-full size-full wp-image-3503\" alt=\"\" \/>\t\t\t\t\t\t\t\t\t\t\t\t\t\t\t<\/div>\n\t\t\t\t<\/div>\n\t\t\t\t<\/div>\n\t\t<div class=\"elementor-element elementor-element-9a726ee e-con-full e-flex e-con e-child\" data-id=\"9a726ee\" data-element_type=\"container\">\n\t\t\t\t<div class=\"elementor-element elementor-element-4cff81b elementor-widget elementor-widget-text-editor\" data-id=\"4cff81b\" data-element_type=\"widget\" data-widget_type=\"text-editor.default\">\n\t\t\t\t<div class=\"elementor-widget-container\">\n\t\t\t\t\t\t\t\t\t<p><strong>Paso 1: Solicitud<\/strong><\/p><p>Ingresa un oficio solicitando el permiso dirigido a la Lic. Natasha Uren V\u00e1zquez, Directora Ejecutiva del Bosque de Chapultepec, con los siguientes datos:<\/p><ul><li><strong>D\u00eda y horario:<\/strong><br \/>Tiempo de duraci\u00f3n del evento, carrera, clase, activaci\u00f3n, entrenamiento, etc., incluyendo montaje y desmontaje.<\/li><li><strong>Distancia:<\/strong><br \/>Kilometraje (en caso de carrera atl\u00e9tica).<\/li><li><strong>Objetivo:<\/strong><br \/>Tipo y objetivo del evento.<\/li><li><strong>Minuto a minuto:<\/strong><br \/>Minuto a minuto del evento.<\/li><li><strong>Aforo:<\/strong><br \/>N\u00famero de asistentes.<\/li><li><strong>Log\u00edstica:<\/strong><br \/>Log\u00edstica detallada del mismo (layout), y con ruta establecida en el Bosque de Chapultepec, en caso de tratarse de una carrera atl\u00e9tica).<\/li><li><strong>Personal:<\/strong><br \/>Lista del personal (seguridad, staff, montadores, t\u00e9cnicos).<\/li><li><strong>Equipo:<\/strong><br \/>Listado en cantidades del equipo para el montaje y realizaci\u00f3n del evento.<\/li><li><strong>Datos de contacto:<\/strong><br \/>Correo y n\u00famero telef\u00f3nico del responsable presente en el evento.<\/li><li><strong>Autorizaci\u00f3n:<\/strong><br \/>Dependiendo del aforo, se deber\u00e1 presentar la Autorizaci\u00f3n del Programa Especial de Protecci\u00f3n Civil.<\/li><li><strong>Aval:<\/strong><br \/>Aval de Indeporte (evento deportivo).<\/li><\/ul>\t\t\t\t\t\t\t\t<\/div>\n\t\t\t\t<\/div>\n\t\t\t\t<\/div>\n\t\t\t\t<\/div>\n\t\t\t\t<\/div>\n\t\t<div class=\"elementor-element elementor-element-92dd448 e-con-full e-flex e-con e-child\" data-id=\"92dd448\" data-element_type=\"container\">\n\t\t<div class=\"elementor-element elementor-element-bea466c e-con-full e-flex e-con e-child\" data-id=\"bea466c\" data-element_type=\"container\" data-settings=\"{&quot;background_background&quot;:&quot;classic&quot;}\">\n\t\t<div class=\"elementor-element elementor-element-19cf226 e-con-full e-flex e-con e-child\" data-id=\"19cf226\" data-element_type=\"container\">\n\t\t\t\t<div class=\"elementor-element elementor-element-4377efc elementor-widget elementor-widget-image\" data-id=\"4377efc\" data-element_type=\"widget\" data-widget_type=\"image.default\">\n\t\t\t\t<div class=\"elementor-widget-container\">\n\t\t\t\t\t\t\t\t\t\t\t\t\t\t\t<img loading=\"lazy\" decoding=\"async\" width=\"54\" height=\"54\" src=\"http:\/\/bosquedechapultepec.mx:9000\/bosquedechapultepec\/wp-content\/uploads\/2024\/06\/Green-circ.svg\" class=\"attachment-full size-full wp-image-3501\" alt=\"\" \/>\t\t\t\t\t\t\t\t\t\t\t\t\t\t\t<\/div>\n\t\t\t\t<\/div>\n\t\t\t\t<div class=\"elementor-element elementor-element-5ee4c80 elementor-hidden-mobile elementor-widget-divider--view-line elementor-widget elementor-widget-divider\" data-id=\"5ee4c80\" data-element_type=\"widget\" data-widget_type=\"divider.default\">\n\t\t\t\t<div class=\"elementor-widget-container\">\n\t\t\t\t\t\t\t<div class=\"elementor-divider\">\n\t\t\t<span class=\"elementor-divider-separator\">\n\t\t\t\t\t\t<\/span>\n\t\t<\/div>\n\t\t\t\t\t\t<\/div>\n\t\t\t\t<\/div>\n\t\t\t\t<\/div>\n\t\t\t\t<\/div>\n\t\t<div class=\"elementor-element elementor-element-dcbd278 e-con-full e-flex e-con e-child\" data-id=\"dcbd278\" data-element_type=\"container\">\n\t\t<div class=\"elementor-element elementor-element-53df298 e-con-full e-flex e-con e-child\" data-id=\"53df298\" data-element_type=\"container\">\n\t\t\t\t<div class=\"elementor-element elementor-element-dd02c6f elementor-widget elementor-widget-image\" data-id=\"dd02c6f\" data-element_type=\"widget\" data-widget_type=\"image.default\">\n\t\t\t\t<div class=\"elementor-widget-container\">\n\t\t\t\t\t\t\t\t\t\t\t\t\t\t\t<img loading=\"lazy\" decoding=\"async\" width=\"163\" height=\"164\" src=\"http:\/\/bosquedechapultepec.mx:9000\/bosquedechapultepec\/wp-content\/uploads\/2024\/06\/Entrega-de-la-solicitud.svg\" class=\"attachment-full size-full wp-image-3504\" alt=\"\" \/>\t\t\t\t\t\t\t\t\t\t\t\t\t\t\t<\/div>\n\t\t\t\t<\/div>\n\t\t\t\t<\/div>\n\t\t<div class=\"elementor-element elementor-element-8edebe0 e-con-full e-flex e-con e-child\" data-id=\"8edebe0\" data-element_type=\"container\">\n\t\t\t\t<div class=\"elementor-element elementor-element-bd5c7fd elementor-widget elementor-widget-text-editor\" data-id=\"bd5c7fd\" data-element_type=\"widget\" data-widget_type=\"text-editor.default\">\n\t\t\t\t<div class=\"elementor-widget-container\">\n\t\t\t\t\t\t\t\t\t<p><strong>Paso 2: Entrega de la solicitud<\/strong><\/p><p>Entrega de manera presencial con copia a Oficial\u00eda de Partes y con 60 d\u00edas de anticipaci\u00f3n.<\/p><ul><li><strong>Recepci\u00f3n Documental:<\/strong><br \/>Primera Secci\u00f3n. Av. Reforma S\/N, Col. San Miguel Chapultepec, Alcald\u00eda Miguel Hidalgo. CP. 11860, Ciudad de M\u00e9xico, CDMX.<\/li><li><strong>Horarios:<\/strong><br \/>Lunes a jueves de 09:00 a 15:00 horas<br \/>Viernes de 09:00 a 13:00 horas<\/li><\/ul>\t\t\t\t\t\t\t\t<\/div>\n\t\t\t\t<\/div>\n\t\t\t\t<\/div>\n\t\t\t\t<\/div>\n\t\t\t\t<\/div>\n\t\t<div class=\"elementor-element elementor-element-d3d6a3c e-con-full e-flex e-con e-child\" data-id=\"d3d6a3c\" data-element_type=\"container\">\n\t\t<div class=\"elementor-element elementor-element-e8d7710 e-con-full e-flex e-con e-child\" data-id=\"e8d7710\" data-element_type=\"container\" data-settings=\"{&quot;background_background&quot;:&quot;classic&quot;}\">\n\t\t<div class=\"elementor-element elementor-element-811d1d7 e-con-full e-flex e-con e-child\" data-id=\"811d1d7\" data-element_type=\"container\">\n\t\t\t\t<div class=\"elementor-element elementor-element-6c79dc0 elementor-widget elementor-widget-image\" data-id=\"6c79dc0\" data-element_type=\"widget\" data-widget_type=\"image.default\">\n\t\t\t\t<div class=\"elementor-widget-container\">\n\t\t\t\t\t\t\t\t\t\t\t\t\t\t\t<img loading=\"lazy\" decoding=\"async\" width=\"54\" height=\"54\" src=\"http:\/\/bosquedechapultepec.mx:9000\/bosquedechapultepec\/wp-content\/uploads\/2024\/06\/Green-circ.svg\" class=\"attachment-full size-full wp-image-3501\" alt=\"\" \/>\t\t\t\t\t\t\t\t\t\t\t\t\t\t\t<\/div>\n\t\t\t\t<\/div>\n\t\t\t\t<div class=\"elementor-element elementor-element-5f822f6 elementor-hidden-mobile elementor-widget-divider--view-line elementor-widget elementor-widget-divider\" data-id=\"5f822f6\" data-element_type=\"widget\" data-widget_type=\"divider.default\">\n\t\t\t\t<div class=\"elementor-widget-container\">\n\t\t\t\t\t\t\t<div class=\"elementor-divider\">\n\t\t\t<span class=\"elementor-divider-separator\">\n\t\t\t\t\t\t<\/span>\n\t\t<\/div>\n\t\t\t\t\t\t<\/div>\n\t\t\t\t<\/div>\n\t\t\t\t<\/div>\n\t\t\t\t<\/div>\n\t\t<div class=\"elementor-element elementor-element-12aa924 e-con-full e-flex e-con e-child\" data-id=\"12aa924\" data-element_type=\"container\">\n\t\t<div class=\"elementor-element elementor-element-7934846 e-con-full e-flex e-con e-child\" data-id=\"7934846\" data-element_type=\"container\">\n\t\t\t\t<div class=\"elementor-element elementor-element-24ea2a9 elementor-widget elementor-widget-image\" data-id=\"24ea2a9\" data-element_type=\"widget\" data-widget_type=\"image.default\">\n\t\t\t\t<div class=\"elementor-widget-container\">\n\t\t\t\t\t\t\t\t\t\t\t\t\t\t\t<img loading=\"lazy\" decoding=\"async\" width=\"163\" height=\"164\" src=\"http:\/\/bosquedechapultepec.mx:9000\/bosquedechapultepec\/wp-content\/uploads\/2024\/06\/Respuesta-y-procedimiento.svg\" class=\"attachment-full size-full wp-image-3506\" alt=\"\" \/>\t\t\t\t\t\t\t\t\t\t\t\t\t\t\t<\/div>\n\t\t\t\t<\/div>\n\t\t\t\t<\/div>\n\t\t<div class=\"elementor-element elementor-element-b47fd7d e-con-full e-flex e-con e-child\" data-id=\"b47fd7d\" data-element_type=\"container\">\n\t\t\t\t<div class=\"elementor-element elementor-element-660edbe elementor-widget elementor-widget-text-editor\" data-id=\"660edbe\" data-element_type=\"widget\" data-widget_type=\"text-editor.default\">\n\t\t\t\t<div class=\"elementor-widget-container\">\n\t\t\t\t\t\t\t\t\t<p><strong>Paso 3: Respuesta y procedimiento<\/strong><\/p><p>\u00a0<\/p><p>La Direcci\u00f3n Ejecutiva del Bosque de Chapultepec evaluar\u00e1 tu solicitud en <strong>20 d\u00edas naturales.<\/strong><\/p><p>\u00a0<\/p><p>Recibir\u00e1s respuesta sobre la procedencia de la petici\u00f3n y las\u00a0<strong>indicaciones de pago.<\/strong> Si se requiere informaci\u00f3n adicional, tendr\u00e1s\u00a0<strong>5 d\u00edas h\u00e1biles para presentarla.<\/strong><\/p>\t\t\t\t\t\t\t\t<\/div>\n\t\t\t\t<\/div>\n\t\t\t\t<\/div>\n\t\t\t\t<\/div>\n\t\t\t\t<\/div>\n\t\t<div class=\"elementor-element elementor-element-89f140b e-con-full e-flex e-con e-child\" data-id=\"89f140b\" data-element_type=\"container\">\n\t\t<div class=\"elementor-element elementor-element-e74f2e1 e-con-full e-flex e-con e-child\" data-id=\"e74f2e1\" data-element_type=\"container\" data-settings=\"{&quot;background_background&quot;:&quot;classic&quot;}\">\n\t\t<div class=\"elementor-element elementor-element-e377ab1 e-con-full e-flex e-con e-child\" data-id=\"e377ab1\" data-element_type=\"container\">\n\t\t\t\t<div class=\"elementor-element elementor-element-c9dc099 elementor-widget elementor-widget-image\" data-id=\"c9dc099\" data-element_type=\"widget\" data-widget_type=\"image.default\">\n\t\t\t\t<div class=\"elementor-widget-container\">\n\t\t\t\t\t\t\t\t\t\t\t\t\t\t\t<img loading=\"lazy\" decoding=\"async\" width=\"54\" height=\"54\" src=\"http:\/\/bosquedechapultepec.mx:9000\/bosquedechapultepec\/wp-content\/uploads\/2024\/06\/Green-circ.svg\" class=\"attachment-full size-full wp-image-3501\" alt=\"\" \/>\t\t\t\t\t\t\t\t\t\t\t\t\t\t\t<\/div>\n\t\t\t\t<\/div>\n\t\t\t\t<div class=\"elementor-element elementor-element-8979334 elementor-hidden-mobile elementor-widget-divider--view-line elementor-widget elementor-widget-divider\" data-id=\"8979334\" data-element_type=\"widget\" data-widget_type=\"divider.default\">\n\t\t\t\t<div class=\"elementor-widget-container\">\n\t\t\t\t\t\t\t<div class=\"elementor-divider\">\n\t\t\t<span class=\"elementor-divider-separator\">\n\t\t\t\t\t\t<\/span>\n\t\t<\/div>\n\t\t\t\t\t\t<\/div>\n\t\t\t\t<\/div>\n\t\t\t\t<\/div>\n\t\t\t\t<\/div>\n\t\t<div class=\"elementor-element elementor-element-bf9a1df e-con-full e-flex e-con e-child\" data-id=\"bf9a1df\" data-element_type=\"container\">\n\t\t<div class=\"elementor-element elementor-element-17700c4 e-con-full e-flex e-con e-child\" data-id=\"17700c4\" data-element_type=\"container\">\n\t\t\t\t<div class=\"elementor-element elementor-element-45f849d elementor-widget elementor-widget-image\" data-id=\"45f849d\" data-element_type=\"widget\" data-widget_type=\"image.default\">\n\t\t\t\t<div class=\"elementor-widget-container\">\n\t\t\t\t\t\t\t\t\t\t\t\t\t\t\t<img loading=\"lazy\" decoding=\"async\" width=\"163\" height=\"164\" src=\"http:\/\/bosquedechapultepec.mx:9000\/bosquedechapultepec\/wp-content\/uploads\/2024\/06\/Autorizacion.svg\" class=\"attachment-full size-full wp-image-3505\" alt=\"\" \/>\t\t\t\t\t\t\t\t\t\t\t\t\t\t\t<\/div>\n\t\t\t\t<\/div>\n\t\t\t\t<\/div>\n\t\t<div class=\"elementor-element elementor-element-f9cd235 e-con-full e-flex e-con e-child\" data-id=\"f9cd235\" data-element_type=\"container\">\n\t\t\t\t<div class=\"elementor-element elementor-element-132c395 elementor-widget elementor-widget-text-editor\" data-id=\"132c395\" data-element_type=\"widget\" data-widget_type=\"text-editor.default\">\n\t\t\t\t<div class=\"elementor-widget-container\">\n\t\t\t\t\t\t\t\t\t<p><strong>Paso 4: Autorizaci\u00f3n<br \/><br \/><\/strong><\/p><p>Dependiendo del aforo, se deber\u00e1 presentar la Autorizaci\u00f3n del Programa Especial de Protecci\u00f3n Civil emitido por la Alcald\u00eda.<\/p>\t\t\t\t\t\t\t\t<\/div>\n\t\t\t\t<\/div>\n\t\t\t\t<\/div>\n\t\t\t\t<\/div>\n\t\t\t\t<\/div>\n\t\t\t\t<\/div>\n\t\t\t\t<div class=\"elementor-element elementor-element-6fbc750 elementor-absolute elementor-hidden-mobile elementor-widget elementor-widget-image\" data-id=\"6fbc750\" data-element_type=\"widget\" data-settings=\"{&quot;_position&quot;:&quot;absolute&quot;}\" data-widget_type=\"image.default\">\n\t\t\t\t<div class=\"elementor-widget-container\">\n\t\t\t\t\t\t\t\t\t\t\t\t\t\t\t<img loading=\"lazy\" decoding=\"async\" width=\"1046\" height=\"1123\" src=\"http:\/\/bosquedechapultepec.mx:9000\/bosquedechapultepec\/wp-content\/uploads\/2024\/06\/svg-tramites-sec3.svg\" class=\"attachment-full size-full wp-image-3513\" alt=\"\" \/>\t\t\t\t\t\t\t\t\t\t\t\t\t\t\t<\/div>\n\t\t\t\t<\/div>\n\t\t\t\t<\/div>\n\t\t\t\t<div class=\"elementor-element elementor-element-04572af elementor-align-center elementor-hidden-desktop elementor-hidden-tablet elementor-widget elementor-widget-button\" data-id=\"04572af\" data-element_type=\"widget\" data-widget_type=\"button.default\">\n\t\t\t\t<div class=\"elementor-widget-container\">\n\t\t\t\t\t\t\t\t\t<div class=\"elementor-button-wrapper\">\n\t\t\t\t\t<a class=\"elementor-button elementor-button-link elementor-size-sm\" href=\"http:\/\/bosquedechapultepec.mx:9000\/bosquedechapultepec\/wp-content\/uploads\/2026\/04\/Gaceta-19-de-febrero-2026.pdf\">\n\t\t\t\t\t\t<span class=\"elementor-button-content-wrapper\">\n\t\t\t\t\t\t\t\t\t<span class=\"elementor-button-text\">Consulta la lista de costos <\/span>\n\t\t\t\t\t<\/span>\n\t\t\t\t\t<\/a>\n\t\t\t\t<\/div>\n\t\t\t\t\t\t\t\t<\/div>\n\t\t\t\t<\/div>\n\t\t\t\t<div class=\"elementor-element elementor-element-71e7ce3 elementor-align-center elementor-hidden-mobile elementor-widget elementor-widget-button\" data-id=\"71e7ce3\" data-element_type=\"widget\" data-widget_type=\"button.default\">\n\t\t\t\t<div class=\"elementor-widget-container\">\n\t\t\t\t\t\t\t\t\t<div class=\"elementor-button-wrapper\">\n\t\t\t\t\t<a class=\"elementor-button elementor-button-link elementor-size-sm\" href=\"http:\/\/bosquedechapultepec.mx:9000\/bosquedechapultepec\/wp-content\/uploads\/2026\/04\/Gaceta-19-de-febrero-2026.pdf\">\n\t\t\t\t\t\t<span class=\"elementor-button-content-wrapper\">\n\t\t\t\t\t\t\t\t\t<span class=\"elementor-button-text\">Consulta la lista de costos autorizados por el Gobierno de la CDMX<\/span>\n\t\t\t\t\t<\/span>\n\t\t\t\t\t<\/a>\n\t\t\t\t<\/div>\n\t\t\t\t\t\t\t\t<\/div>\n\t\t\t\t<\/div>\n\t\t\t\t\t<\/div>\n\t\t\t\t<\/div>\n\t\t\t\t<\/div>\n\t\t","protected":false},"excerpt":{"rendered":"<p>Actividades Deportivas El Bosque de Chapultepec es un espacio id\u00f3neo para la realizaci\u00f3n de eventos que fomenten la actividad f\u00edsica, la sana recreaci\u00f3n y un estilo de vida saludable. El pago por el uso de espacios p\u00fablicos para filmaciones y sesiones fotogr\u00e1ficas es fundamental para respaldar la conservaci\u00f3n y mejora del Bosque de Chapultepec. Tu [&hellip;]<\/p>\n","protected":false},"author":1,"featured_media":0,"parent":2794,"menu_order":0,"comment_status":"closed","ping_status":"closed","template":"elementor_header_footer","meta":{"_acf_changed":false,"inline_featured_image":false,"footnotes":""},"class_list":["post-3524","page","type-page","status-publish","hentry"],"acf":[],"_links":{"self":[{"href":"http:\/\/bosquedechapultepec.mx:9000\/bosquedechapultepec\/wp-json\/wp\/v2\/pages\/3524","targetHints":{"allow":["GET"]}}],"collection":[{"href":"http:\/\/bosquedechapultepec.mx:9000\/bosquedechapultepec\/wp-json\/wp\/v2\/pages"}],"about":[{"href":"http:\/\/bosquedechapultepec.mx:9000\/bosquedechapultepec\/wp-json\/wp\/v2\/types\/page"}],"author":[{"embeddable":true,"href":"http:\/\/bosquedechapultepec.mx:9000\/bosquedechapultepec\/wp-json\/wp\/v2\/users\/1"}],"replies":[{"embeddable":true,"href":"http:\/\/bosquedechapultepec.mx:9000\/bosquedechapultepec\/wp-json\/wp\/v2\/comments?post=3524"}],"version-history":[{"count":0,"href":"http:\/\/bosquedechapultepec.mx:9000\/bosquedechapultepec\/wp-json\/wp\/v2\/pages\/3524\/revisions"}],"up":[{"embeddable":true,"href":"http:\/\/bosquedechapultepec.mx:9000\/bosquedechapultepec\/wp-json\/wp\/v2\/pages\/2794"}],"wp:attachment":[{"href":"http:\/\/bosquedechapultepec.mx:9000\/bosquedechapultepec\/wp-json\/wp\/v2\/media?parent=3524"}],"curies":[{"name":"wp","href":"https:\/\/api.w.org\/{rel}","templated":true}]}}