{"id":3490,"date":"2024-06-20T16:45:26","date_gmt":"2024-06-20T21:45:26","guid":{"rendered":"http:\/\/data.sedema.cdmx.gob.mx:9000\/bosquedechapultepec\/?page_id=3490"},"modified":"2026-02-24T10:34:06","modified_gmt":"2026-02-24T16:34:06","slug":"filmaciones-y-sesiones-fotograficas","status":"publish","type":"page","link":"http:\/\/bosquedechapultepec.mx:9000\/bosquedechapultepec\/permisos\/filmaciones-y-sesiones-fotograficas\/","title":{"rendered":"Filmaciones y sesiones fotogr\u00e1ficas"},"content":{"rendered":"\t\t<div data-elementor-type=\"wp-page\" data-elementor-id=\"3490\" class=\"elementor elementor-3490\" data-elementor-post-type=\"page\">\n\t\t\t\t<div class=\"elementor-element elementor-element-d13b026 e-flex e-con-boxed e-con e-parent\" data-id=\"d13b026\" data-element_type=\"container\" data-settings=\"{&quot;background_background&quot;:&quot;classic&quot;}\">\n\t\t\t\t\t<div class=\"e-con-inner\">\n\t\t\t\t<div class=\"elementor-element elementor-element-cf99163 elementor-widget elementor-widget-heading\" data-id=\"cf99163\" data-element_type=\"widget\" data-widget_type=\"heading.default\">\n\t\t\t\t<div class=\"elementor-widget-container\">\n\t\t\t\t\t<h2 class=\"elementor-heading-title elementor-size-default\">Filmaciones y sesiones fotogr\u00e1ficas<\/h2>\t\t\t\t<\/div>\n\t\t\t\t<\/div>\n\t\t\t\t\t<\/div>\n\t\t\t\t<\/div>\n\t\t<div class=\"elementor-element elementor-element-808d553 e-flex e-con-boxed e-con e-parent\" data-id=\"808d553\" data-element_type=\"container\" data-settings=\"{&quot;background_background&quot;:&quot;classic&quot;}\">\n\t\t\t\t\t<div class=\"e-con-inner\">\n\t\t<div class=\"elementor-element elementor-element-e74a8b6 e-con-full e-flex e-con e-child\" data-id=\"e74a8b6\" data-element_type=\"container\">\n\t\t\t\t<div class=\"elementor-element elementor-element-43beaf0 elementor-widget elementor-widget-text-editor\" data-id=\"43beaf0\" data-element_type=\"widget\" data-widget_type=\"text-editor.default\">\n\t\t\t\t<div class=\"elementor-widget-container\">\n\t\t\t\t\t\t\t\t\t<p>El Bosque de Chapultepec es un espacio p\u00fablico muy atractivo para la realizaci\u00f3n de filmaciones y sesiones fotogr\u00e1ficas. Con el fin de garantizar el cuidado de la flora y fauna, la Direcci\u00f3n Ejecutiva del Bosque de Chapultepec <strong>debe autorizar este tipo de actividades.<\/strong><\/p>\t\t\t\t\t\t\t\t<\/div>\n\t\t\t\t<\/div>\n\t\t\t\t<\/div>\n\t\t<div class=\"elementor-element elementor-element-70e18f1 e-con-full e-flex e-con e-child\" data-id=\"70e18f1\" data-element_type=\"container\">\n\t\t\t\t<div class=\"elementor-element elementor-element-105c3ae elementor-widget elementor-widget-image\" data-id=\"105c3ae\" data-element_type=\"widget\" data-widget_type=\"image.default\">\n\t\t\t\t<div class=\"elementor-widget-container\">\n\t\t\t\t\t\t\t\t\t\t\t\t\t\t\t<img fetchpriority=\"high\" decoding=\"async\" width=\"291\" height=\"292\" src=\"http:\/\/bosquedechapultepec.mx:9000\/bosquedechapultepec\/wp-content\/uploads\/2024\/06\/Films-1.svg\" class=\"attachment-full size-full wp-image-3493\" alt=\"\" \/>\t\t\t\t\t\t\t\t\t\t\t\t\t\t\t<\/div>\n\t\t\t\t<\/div>\n\t\t\t\t<\/div>\n\t\t\t\t\t<\/div>\n\t\t\t\t<\/div>\n\t\t<div class=\"elementor-element elementor-element-58a6717 e-flex e-con-boxed e-con e-parent\" data-id=\"58a6717\" data-element_type=\"container\" data-settings=\"{&quot;background_background&quot;:&quot;classic&quot;}\">\n\t\t\t\t\t<div class=\"e-con-inner\">\n\t\t\t\t<div class=\"elementor-element elementor-element-864dc12 elementor-widget elementor-widget-text-editor\" data-id=\"864dc12\" data-element_type=\"widget\" data-widget_type=\"text-editor.default\">\n\t\t\t\t<div class=\"elementor-widget-container\">\n\t\t\t\t\t\t\t\t\t<p>El pago por el uso de espacios p\u00fablicos para filmaciones y sesiones fotogr\u00e1ficas es fundamental para respaldar la conservaci\u00f3n y mejora del Bosque de Chapultepec. <strong>Tu contribuci\u00f3n garantiza el mantenimiento de la infraestructura, la preservaci\u00f3n de \u00e1reas verdes y el apoyo a programas de conservaci\u00f3n.<\/strong> Esta inversi\u00f3n asegura que estos espacios p\u00fablicos sigan siendo accesibles y en \u00f3ptimas condiciones para disfrute de sus visitantes.<\/p>\t\t\t\t\t\t\t\t<\/div>\n\t\t\t\t<\/div>\n\t\t\t\t<div class=\"elementor-element elementor-element-90a573e elementor-hidden-desktop elementor-hidden-tablet elementor-widget elementor-widget-image\" data-id=\"90a573e\" data-element_type=\"widget\" data-widget_type=\"image.default\">\n\t\t\t\t<div class=\"elementor-widget-container\">\n\t\t\t\t\t\t\t\t\t\t\t\t\t\t\t<img decoding=\"async\" width=\"321\" height=\"311\" src=\"http:\/\/bosquedechapultepec.mx:9000\/bosquedechapultepec\/wp-content\/uploads\/2024\/07\/bg-left-1.png\" class=\"attachment-full size-full wp-image-4737\" alt=\"\" srcset=\"http:\/\/bosquedechapultepec.mx:9000\/bosquedechapultepec\/wp-content\/uploads\/2024\/07\/bg-left-1.png 321w, http:\/\/bosquedechapultepec.mx:9000\/bosquedechapultepec\/wp-content\/uploads\/2024\/07\/bg-left-1-300x291.png 300w\" sizes=\"(max-width: 321px) 100vw, 321px\" \/>\t\t\t\t\t\t\t\t\t\t\t\t\t\t\t<\/div>\n\t\t\t\t<\/div>\n\t\t\t\t<div class=\"elementor-element elementor-element-4af382e elementor-absolute elementor-hidden-mobile elementor-widget elementor-widget-image\" data-id=\"4af382e\" data-element_type=\"widget\" data-settings=\"{&quot;_position&quot;:&quot;absolute&quot;}\" data-widget_type=\"image.default\">\n\t\t\t\t<div class=\"elementor-widget-container\">\n\t\t\t\t\t\t\t\t\t\t\t\t\t\t\t<img decoding=\"async\" width=\"321\" height=\"311\" src=\"http:\/\/bosquedechapultepec.mx:9000\/bosquedechapultepec\/wp-content\/uploads\/2024\/07\/bg-left-1.png\" class=\"attachment-full size-full wp-image-4737\" alt=\"\" srcset=\"http:\/\/bosquedechapultepec.mx:9000\/bosquedechapultepec\/wp-content\/uploads\/2024\/07\/bg-left-1.png 321w, http:\/\/bosquedechapultepec.mx:9000\/bosquedechapultepec\/wp-content\/uploads\/2024\/07\/bg-left-1-300x291.png 300w\" sizes=\"(max-width: 321px) 100vw, 321px\" \/>\t\t\t\t\t\t\t\t\t\t\t\t\t\t\t<\/div>\n\t\t\t\t<\/div>\n\t\t\t\t<div class=\"elementor-element elementor-element-ad02650 elementor-absolute elementor-hidden-mobile elementor-widget elementor-widget-image\" data-id=\"ad02650\" data-element_type=\"widget\" data-settings=\"{&quot;_position&quot;:&quot;absolute&quot;}\" data-widget_type=\"image.default\">\n\t\t\t\t<div class=\"elementor-widget-container\">\n\t\t\t\t\t\t\t\t\t\t\t\t\t\t\t<img decoding=\"async\" width=\"321\" height=\"311\" src=\"http:\/\/bosquedechapultepec.mx:9000\/bosquedechapultepec\/wp-content\/uploads\/2024\/06\/bg-right-1.png\" class=\"attachment-full size-full wp-image-3500\" alt=\"\" srcset=\"http:\/\/bosquedechapultepec.mx:9000\/bosquedechapultepec\/wp-content\/uploads\/2024\/06\/bg-right-1.png 321w, http:\/\/bosquedechapultepec.mx:9000\/bosquedechapultepec\/wp-content\/uploads\/2024\/06\/bg-right-1-300x291.png 300w\" sizes=\"(max-width: 321px) 100vw, 321px\" \/>\t\t\t\t\t\t\t\t\t\t\t\t\t\t\t<\/div>\n\t\t\t\t<\/div>\n\t\t\t\t\t<\/div>\n\t\t\t\t<\/div>\n\t\t<div class=\"elementor-element elementor-element-a84e84a e-flex e-con-boxed e-con e-parent\" data-id=\"a84e84a\" data-element_type=\"container\" data-settings=\"{&quot;background_background&quot;:&quot;classic&quot;}\">\n\t\t\t\t\t<div class=\"e-con-inner\">\n\t\t<div class=\"elementor-element elementor-element-7adbe26 e-con-full e-flex e-con e-child\" data-id=\"7adbe26\" data-element_type=\"container\">\n\t\t<div class=\"elementor-element elementor-element-76ce6f7 e-flex e-con-boxed e-con e-child\" data-id=\"76ce6f7\" data-element_type=\"container\">\n\t\t\t\t\t<div class=\"e-con-inner\">\n\t\t\t\t<div class=\"elementor-element elementor-element-c80c2e4 elementor-widget elementor-widget-text-editor\" data-id=\"c80c2e4\" data-element_type=\"widget\" data-widget_type=\"text-editor.default\">\n\t\t\t\t<div class=\"elementor-widget-container\">\n\t\t\t\t\t\t\t\t\t<p>A continuaci\u00f3n, te presentamos los pasos necesarios para <strong>solicitar permiso para llevar a cabo filmaciones y sesiones fotogr\u00e1ficas,<\/strong> ya sean publicitarias, de creadores de contenido con fines publicitarios, quincea\u00f1eras, celebraciones, pel\u00edculas internacionales o nacionales, televisi\u00f3n y series, entre otros.<\/p>\t\t\t\t\t\t\t\t<\/div>\n\t\t\t\t<\/div>\n\t\t\t\t\t<\/div>\n\t\t\t\t<\/div>\n\t\t<div class=\"elementor-element elementor-element-9a71e1e e-con-full e-flex e-con e-child\" data-id=\"9a71e1e\" data-element_type=\"container\">\n\t\t<div class=\"elementor-element elementor-element-8773a68 e-con-full e-flex e-con e-child\" data-id=\"8773a68\" data-element_type=\"container\">\n\t\t<div class=\"elementor-element elementor-element-0170335 e-con-full e-flex e-con e-child\" data-id=\"0170335\" data-element_type=\"container\" data-settings=\"{&quot;background_background&quot;:&quot;classic&quot;}\">\n\t\t<div class=\"elementor-element elementor-element-361ffd0 e-con-full e-flex e-con e-child\" data-id=\"361ffd0\" data-element_type=\"container\">\n\t\t\t\t<div class=\"elementor-element elementor-element-5019271 elementor-widget elementor-widget-image\" data-id=\"5019271\" data-element_type=\"widget\" data-widget_type=\"image.default\">\n\t\t\t\t<div class=\"elementor-widget-container\">\n\t\t\t\t\t\t\t\t\t\t\t\t\t\t\t<img loading=\"lazy\" decoding=\"async\" width=\"54\" height=\"54\" src=\"http:\/\/bosquedechapultepec.mx:9000\/bosquedechapultepec\/wp-content\/uploads\/2024\/06\/Green-circ.svg\" class=\"attachment-full size-full wp-image-3501\" alt=\"\" \/>\t\t\t\t\t\t\t\t\t\t\t\t\t\t\t<\/div>\n\t\t\t\t<\/div>\n\t\t\t\t<div class=\"elementor-element elementor-element-2413a23 elementor-hidden-mobile elementor-widget-divider--view-line elementor-widget elementor-widget-divider\" data-id=\"2413a23\" data-element_type=\"widget\" data-widget_type=\"divider.default\">\n\t\t\t\t<div class=\"elementor-widget-container\">\n\t\t\t\t\t\t\t<div class=\"elementor-divider\">\n\t\t\t<span class=\"elementor-divider-separator\">\n\t\t\t\t\t\t<\/span>\n\t\t<\/div>\n\t\t\t\t\t\t<\/div>\n\t\t\t\t<\/div>\n\t\t\t\t<\/div>\n\t\t\t\t<\/div>\n\t\t<div class=\"elementor-element elementor-element-fb4b3b6 e-con-full e-flex e-con e-child\" data-id=\"fb4b3b6\" data-element_type=\"container\">\n\t\t<div class=\"elementor-element elementor-element-c281131 e-con-full e-flex e-con e-child\" data-id=\"c281131\" data-element_type=\"container\">\n\t\t\t\t<div class=\"elementor-element elementor-element-e6c9d84 elementor-widget elementor-widget-image\" data-id=\"e6c9d84\" data-element_type=\"widget\" data-widget_type=\"image.default\">\n\t\t\t\t<div class=\"elementor-widget-container\">\n\t\t\t\t\t\t\t\t\t\t\t\t\t\t\t<img loading=\"lazy\" decoding=\"async\" width=\"163\" height=\"164\" src=\"http:\/\/bosquedechapultepec.mx:9000\/bosquedechapultepec\/wp-content\/uploads\/2024\/06\/Solicitud.svg\" class=\"attachment-full size-full wp-image-3503\" alt=\"\" \/>\t\t\t\t\t\t\t\t\t\t\t\t\t\t\t<\/div>\n\t\t\t\t<\/div>\n\t\t\t\t<\/div>\n\t\t<div class=\"elementor-element elementor-element-3cb0538 e-con-full e-flex e-con e-child\" data-id=\"3cb0538\" data-element_type=\"container\">\n\t\t\t\t<div class=\"elementor-element elementor-element-edcf2e9 elementor-widget elementor-widget-text-editor\" data-id=\"edcf2e9\" data-element_type=\"widget\" data-widget_type=\"text-editor.default\">\n\t\t\t\t<div class=\"elementor-widget-container\">\n\t\t\t\t\t\t\t\t\t<p><strong>Paso 1: Solicitud<\/strong><\/p>\n<p>Ingresa un oficio solicitando el permiso dirigido a la Lic. Natasha Uren V\u00e1zquez, Directora Ejecutiva del Bosque de Chapultepec, con los siguientes datos:<\/p>\n<ul>\n<li><strong>D\u00eda y horario:<\/strong><br>Tiempo de duraci\u00f3n de la filmaci\u00f3n, incluyendo montaje y desmontaje.<\/li>\n<li><strong>Lugar:<\/strong><br>Lugar y\/o secci\u00f3n del Bosque que se solicita.<\/li>\n<li><strong>Objetivo:<\/strong><br>Tipo y objetivo de la filmaci\u00f3n.<\/li>\n<li><strong>Minuto a minuto:<\/strong><br>Minuto a minuto de la filmaci\u00f3n (montaje, desarrollo y desmontaje).<\/li>\n<li><strong>Equipo:<\/strong><br>Listado del equipo tecnol\u00f3gico que ingresar\u00e1n (fotogr\u00e1fico o f\u00edlmico).<\/li>\n<li><strong>Gui\u00f3n:<\/strong><br>Storyboard o gui\u00f3n (en caso de filmaci\u00f3n).<\/li>\n<li><strong>Personal:<\/strong><br>Lista del personal (seguridad, staff, montadores, t\u00e9cnicos).<\/li>\n<li><strong>Equipo:<\/strong><br>Listado en cantidades del equipo para el montaje y realizaci\u00f3n del evento.<\/li>\n<li><strong>Datos de contacto:<br><\/strong>Correo y n\u00famero telef\u00f3nico del responsable presente en la filmaci\u00f3n.<\/li>\n<\/ul>\t\t\t\t\t\t\t\t<\/div>\n\t\t\t\t<\/div>\n\t\t\t\t<\/div>\n\t\t\t\t<\/div>\n\t\t\t\t<\/div>\n\t\t<div class=\"elementor-element elementor-element-1bf8b08 e-con-full e-flex e-con e-child\" data-id=\"1bf8b08\" data-element_type=\"container\">\n\t\t<div class=\"elementor-element elementor-element-bdc0d34 e-con-full e-flex e-con e-child\" data-id=\"bdc0d34\" data-element_type=\"container\" data-settings=\"{&quot;background_background&quot;:&quot;classic&quot;}\">\n\t\t<div class=\"elementor-element elementor-element-523ff5e e-con-full e-flex e-con e-child\" data-id=\"523ff5e\" data-element_type=\"container\">\n\t\t\t\t<div class=\"elementor-element elementor-element-d856b86 elementor-widget elementor-widget-image\" data-id=\"d856b86\" data-element_type=\"widget\" data-widget_type=\"image.default\">\n\t\t\t\t<div class=\"elementor-widget-container\">\n\t\t\t\t\t\t\t\t\t\t\t\t\t\t\t<img loading=\"lazy\" decoding=\"async\" width=\"54\" height=\"54\" src=\"http:\/\/bosquedechapultepec.mx:9000\/bosquedechapultepec\/wp-content\/uploads\/2024\/06\/Green-circ.svg\" class=\"attachment-full size-full wp-image-3501\" alt=\"\" \/>\t\t\t\t\t\t\t\t\t\t\t\t\t\t\t<\/div>\n\t\t\t\t<\/div>\n\t\t\t\t<div class=\"elementor-element elementor-element-ebd212c elementor-hidden-mobile elementor-widget-divider--view-line elementor-widget elementor-widget-divider\" data-id=\"ebd212c\" data-element_type=\"widget\" data-widget_type=\"divider.default\">\n\t\t\t\t<div class=\"elementor-widget-container\">\n\t\t\t\t\t\t\t<div class=\"elementor-divider\">\n\t\t\t<span class=\"elementor-divider-separator\">\n\t\t\t\t\t\t<\/span>\n\t\t<\/div>\n\t\t\t\t\t\t<\/div>\n\t\t\t\t<\/div>\n\t\t\t\t<\/div>\n\t\t\t\t<\/div>\n\t\t<div class=\"elementor-element elementor-element-9367974 e-con-full e-flex e-con e-child\" data-id=\"9367974\" data-element_type=\"container\">\n\t\t<div class=\"elementor-element elementor-element-4da50a6 e-con-full e-flex e-con e-child\" data-id=\"4da50a6\" data-element_type=\"container\">\n\t\t\t\t<div class=\"elementor-element elementor-element-ab9e12e elementor-widget elementor-widget-image\" data-id=\"ab9e12e\" data-element_type=\"widget\" data-widget_type=\"image.default\">\n\t\t\t\t<div class=\"elementor-widget-container\">\n\t\t\t\t\t\t\t\t\t\t\t\t\t\t\t<img loading=\"lazy\" decoding=\"async\" width=\"163\" height=\"164\" src=\"http:\/\/bosquedechapultepec.mx:9000\/bosquedechapultepec\/wp-content\/uploads\/2024\/06\/Entrega-de-la-solicitud.svg\" class=\"attachment-full size-full wp-image-3504\" alt=\"\" \/>\t\t\t\t\t\t\t\t\t\t\t\t\t\t\t<\/div>\n\t\t\t\t<\/div>\n\t\t\t\t<\/div>\n\t\t<div class=\"elementor-element elementor-element-78c7d73 e-con-full e-flex e-con e-child\" data-id=\"78c7d73\" data-element_type=\"container\">\n\t\t\t\t<div class=\"elementor-element elementor-element-3a04d3d elementor-widget elementor-widget-text-editor\" data-id=\"3a04d3d\" data-element_type=\"widget\" data-widget_type=\"text-editor.default\">\n\t\t\t\t<div class=\"elementor-widget-container\">\n\t\t\t\t\t\t\t\t\t<p><strong>Paso 2: Entrega de la solicitud<\/strong><\/p><p>\u00a0<\/p><p>Entrega de manera presencial<\/p><ul><li><strong>Recepci\u00f3n Documental:<\/strong><br \/>Primera Secci\u00f3n. Av. Reforma S\/N, Col. San Miguel Chapultepec, Alcald\u00eda Miguel Hidalgo. CP. 11860, Ciudad de M\u00e9xico, CDMX.<\/li><li><strong>Horarios:<\/strong><br \/>Lunes a jueves de 09:00 a 15:00 horas<br \/>Viernes de 09:00 a 13:00 horas<\/li><\/ul>\t\t\t\t\t\t\t\t<\/div>\n\t\t\t\t<\/div>\n\t\t\t\t<\/div>\n\t\t\t\t<\/div>\n\t\t\t\t<\/div>\n\t\t<div class=\"elementor-element elementor-element-4c8efa6 e-con-full e-flex e-con e-child\" data-id=\"4c8efa6\" data-element_type=\"container\">\n\t\t<div class=\"elementor-element elementor-element-516af81 e-con-full e-flex e-con e-child\" data-id=\"516af81\" data-element_type=\"container\" data-settings=\"{&quot;background_background&quot;:&quot;classic&quot;}\">\n\t\t<div class=\"elementor-element elementor-element-76ff0ad e-con-full e-flex e-con e-child\" data-id=\"76ff0ad\" data-element_type=\"container\">\n\t\t\t\t<div class=\"elementor-element elementor-element-4edd62d elementor-widget elementor-widget-image\" data-id=\"4edd62d\" data-element_type=\"widget\" data-widget_type=\"image.default\">\n\t\t\t\t<div class=\"elementor-widget-container\">\n\t\t\t\t\t\t\t\t\t\t\t\t\t\t\t<img loading=\"lazy\" decoding=\"async\" width=\"54\" height=\"54\" src=\"http:\/\/bosquedechapultepec.mx:9000\/bosquedechapultepec\/wp-content\/uploads\/2024\/06\/Green-circ.svg\" class=\"attachment-full size-full wp-image-3501\" alt=\"\" \/>\t\t\t\t\t\t\t\t\t\t\t\t\t\t\t<\/div>\n\t\t\t\t<\/div>\n\t\t\t\t<div class=\"elementor-element elementor-element-13bbdc5 elementor-hidden-mobile elementor-widget-divider--view-line elementor-widget elementor-widget-divider\" data-id=\"13bbdc5\" data-element_type=\"widget\" data-widget_type=\"divider.default\">\n\t\t\t\t<div class=\"elementor-widget-container\">\n\t\t\t\t\t\t\t<div class=\"elementor-divider\">\n\t\t\t<span class=\"elementor-divider-separator\">\n\t\t\t\t\t\t<\/span>\n\t\t<\/div>\n\t\t\t\t\t\t<\/div>\n\t\t\t\t<\/div>\n\t\t\t\t<\/div>\n\t\t\t\t<\/div>\n\t\t<div class=\"elementor-element elementor-element-0a670ca e-con-full e-flex e-con e-child\" data-id=\"0a670ca\" data-element_type=\"container\">\n\t\t<div class=\"elementor-element elementor-element-07a44c3 e-con-full e-flex e-con e-child\" data-id=\"07a44c3\" data-element_type=\"container\">\n\t\t\t\t<div class=\"elementor-element elementor-element-face9fe elementor-widget elementor-widget-image\" data-id=\"face9fe\" data-element_type=\"widget\" data-widget_type=\"image.default\">\n\t\t\t\t<div class=\"elementor-widget-container\">\n\t\t\t\t\t\t\t\t\t\t\t\t\t\t\t<img loading=\"lazy\" decoding=\"async\" width=\"163\" height=\"164\" src=\"http:\/\/bosquedechapultepec.mx:9000\/bosquedechapultepec\/wp-content\/uploads\/2024\/06\/Respuesta-y-procedimiento.svg\" class=\"attachment-full size-full wp-image-3506\" alt=\"\" \/>\t\t\t\t\t\t\t\t\t\t\t\t\t\t\t<\/div>\n\t\t\t\t<\/div>\n\t\t\t\t<\/div>\n\t\t<div class=\"elementor-element elementor-element-5435615 e-con-full e-flex e-con e-child\" data-id=\"5435615\" data-element_type=\"container\">\n\t\t\t\t<div class=\"elementor-element elementor-element-15d4657 elementor-widget elementor-widget-text-editor\" data-id=\"15d4657\" data-element_type=\"widget\" data-widget_type=\"text-editor.default\">\n\t\t\t\t<div class=\"elementor-widget-container\">\n\t\t\t\t\t\t\t\t\t<p><strong>Paso 3: Respuesta y procedimiento<\/strong><\/p><p>\u00a0<\/p><p>La Direcci\u00f3n Ejecutiva del Bosque de Chapultepec evaluar\u00e1 tu solicitud en <strong>20 d\u00edas naturales.<\/strong><\/p><p>\u00a0<\/p><p>Recibir\u00e1s respuesta sobre la procedencia de la petici\u00f3n y las\u00a0<strong>indicaciones de pago.<\/strong> Si se requiere informaci\u00f3n adicional, tendr\u00e1s\u00a0<strong>5 d\u00edas h\u00e1biles para presentarla.<\/strong><\/p>\t\t\t\t\t\t\t\t<\/div>\n\t\t\t\t<\/div>\n\t\t\t\t<\/div>\n\t\t\t\t<\/div>\n\t\t\t\t<\/div>\n\t\t<div class=\"elementor-element elementor-element-81b68f3 e-con-full e-flex e-con e-child\" data-id=\"81b68f3\" data-element_type=\"container\">\n\t\t<div class=\"elementor-element elementor-element-edc916c e-con-full e-flex e-con e-child\" data-id=\"edc916c\" data-element_type=\"container\" data-settings=\"{&quot;background_background&quot;:&quot;classic&quot;}\">\n\t\t<div class=\"elementor-element elementor-element-bda889a e-con-full e-flex e-con e-child\" data-id=\"bda889a\" data-element_type=\"container\">\n\t\t\t\t<div class=\"elementor-element elementor-element-0bc61cb elementor-widget elementor-widget-image\" data-id=\"0bc61cb\" data-element_type=\"widget\" data-widget_type=\"image.default\">\n\t\t\t\t<div class=\"elementor-widget-container\">\n\t\t\t\t\t\t\t\t\t\t\t\t\t\t\t<img loading=\"lazy\" decoding=\"async\" width=\"54\" height=\"54\" src=\"http:\/\/bosquedechapultepec.mx:9000\/bosquedechapultepec\/wp-content\/uploads\/2024\/06\/Green-circ.svg\" class=\"attachment-full size-full wp-image-3501\" alt=\"\" \/>\t\t\t\t\t\t\t\t\t\t\t\t\t\t\t<\/div>\n\t\t\t\t<\/div>\n\t\t\t\t<div class=\"elementor-element elementor-element-8b3f487 elementor-hidden-mobile elementor-widget-divider--view-line elementor-widget elementor-widget-divider\" data-id=\"8b3f487\" data-element_type=\"widget\" data-widget_type=\"divider.default\">\n\t\t\t\t<div class=\"elementor-widget-container\">\n\t\t\t\t\t\t\t<div class=\"elementor-divider\">\n\t\t\t<span class=\"elementor-divider-separator\">\n\t\t\t\t\t\t<\/span>\n\t\t<\/div>\n\t\t\t\t\t\t<\/div>\n\t\t\t\t<\/div>\n\t\t\t\t<\/div>\n\t\t\t\t<\/div>\n\t\t<div class=\"elementor-element elementor-element-f5a274e e-con-full e-flex e-con e-child\" data-id=\"f5a274e\" data-element_type=\"container\">\n\t\t<div class=\"elementor-element elementor-element-af39d3a e-con-full e-flex e-con e-child\" data-id=\"af39d3a\" data-element_type=\"container\">\n\t\t\t\t<div class=\"elementor-element elementor-element-95004b9 elementor-widget elementor-widget-image\" data-id=\"95004b9\" data-element_type=\"widget\" data-widget_type=\"image.default\">\n\t\t\t\t<div class=\"elementor-widget-container\">\n\t\t\t\t\t\t\t\t\t\t\t\t\t\t\t<img loading=\"lazy\" decoding=\"async\" width=\"163\" height=\"164\" src=\"http:\/\/bosquedechapultepec.mx:9000\/bosquedechapultepec\/wp-content\/uploads\/2024\/06\/Autorizacion.svg\" class=\"attachment-full size-full wp-image-3505\" alt=\"\" \/>\t\t\t\t\t\t\t\t\t\t\t\t\t\t\t<\/div>\n\t\t\t\t<\/div>\n\t\t\t\t<\/div>\n\t\t<div class=\"elementor-element elementor-element-46999cf e-con-full e-flex e-con e-child\" data-id=\"46999cf\" data-element_type=\"container\">\n\t\t\t\t<div class=\"elementor-element elementor-element-06643ba elementor-widget elementor-widget-text-editor\" data-id=\"06643ba\" data-element_type=\"widget\" data-widget_type=\"text-editor.default\">\n\t\t\t\t<div class=\"elementor-widget-container\">\n\t\t\t\t\t\t\t\t\t<p><strong>Paso 4: Autorizaci\u00f3n<\/strong><\/p><p>\u00a0<\/p><p>Una vez autorizada, sigue las indicaciones proporcionadas para llevar a cabo tu evento.<\/p><p>Sin respuesta en el plazo indicado, se considerar\u00e1 no autorizado.<\/p>\t\t\t\t\t\t\t\t<\/div>\n\t\t\t\t<\/div>\n\t\t\t\t<\/div>\n\t\t\t\t<\/div>\n\t\t\t\t<\/div>\n\t\t\t\t<\/div>\n\t\t\t\t<div class=\"elementor-element elementor-element-2bd14d0 elementor-absolute elementor-hidden-mobile elementor-widget elementor-widget-image\" data-id=\"2bd14d0\" data-element_type=\"widget\" data-settings=\"{&quot;_position&quot;:&quot;absolute&quot;}\" data-widget_type=\"image.default\">\n\t\t\t\t<div class=\"elementor-widget-container\">\n\t\t\t\t\t\t\t\t\t\t\t\t\t\t\t<img loading=\"lazy\" decoding=\"async\" width=\"1046\" height=\"1123\" src=\"http:\/\/bosquedechapultepec.mx:9000\/bosquedechapultepec\/wp-content\/uploads\/2024\/06\/svg-tramites-sec3.svg\" class=\"attachment-full size-full wp-image-3513\" alt=\"\" \/>\t\t\t\t\t\t\t\t\t\t\t\t\t\t\t<\/div>\n\t\t\t\t<\/div>\n\t\t\t\t<\/div>\n\t\t\t\t<div class=\"elementor-element elementor-element-daf85fb elementor-align-center elementor-hidden-desktop elementor-hidden-tablet elementor-widget elementor-widget-button\" data-id=\"daf85fb\" data-element_type=\"widget\" data-widget_type=\"button.default\">\n\t\t\t\t<div class=\"elementor-widget-container\">\n\t\t\t\t\t\t\t\t\t<div class=\"elementor-button-wrapper\">\n\t\t\t\t\t<a class=\"elementor-button elementor-button-link elementor-size-sm\" href=\"http:\/\/data.sedema.cdmx.gob.mx:9000\/bosquedechapultepec\/wp-content\/uploads\/2025\/02\/GACETA-14FEB25.pdf\">\n\t\t\t\t\t\t<span class=\"elementor-button-content-wrapper\">\n\t\t\t\t\t\t\t\t\t<span class=\"elementor-button-text\">Consulta la lista de costos <\/span>\n\t\t\t\t\t<\/span>\n\t\t\t\t\t<\/a>\n\t\t\t\t<\/div>\n\t\t\t\t\t\t\t\t<\/div>\n\t\t\t\t<\/div>\n\t\t\t\t<div class=\"elementor-element elementor-element-d0a935d elementor-align-center elementor-hidden-mobile elementor-widget elementor-widget-button\" data-id=\"d0a935d\" data-element_type=\"widget\" data-widget_type=\"button.default\">\n\t\t\t\t<div class=\"elementor-widget-container\">\n\t\t\t\t\t\t\t\t\t<div class=\"elementor-button-wrapper\">\n\t\t\t\t\t<a class=\"elementor-button elementor-button-link elementor-size-sm\" href=\"http:\/\/bosquedechapultepec.mx:9000\/bosquedechapultepec\/wp-content\/uploads\/2026\/02\/Gaceta-19-de-febrero-2016.pdf\">\n\t\t\t\t\t\t<span class=\"elementor-button-content-wrapper\">\n\t\t\t\t\t\t\t\t\t<span class=\"elementor-button-text\">Consulta la lista de costos autorizados por el Gobierno de la CDMX<\/span>\n\t\t\t\t\t<\/span>\n\t\t\t\t\t<\/a>\n\t\t\t\t<\/div>\n\t\t\t\t\t\t\t\t<\/div>\n\t\t\t\t<\/div>\n\t\t\t\t\t<\/div>\n\t\t\t\t<\/div>\n\t\t\t\t<\/div>\n\t\t","protected":false},"excerpt":{"rendered":"<p>Filmaciones y sesiones fotogr\u00e1ficas El Bosque de Chapultepec es un espacio p\u00fablico muy atractivo para la realizaci\u00f3n de filmaciones y sesiones fotogr\u00e1ficas. Con el fin de garantizar el cuidado de la flora y fauna, la Direcci\u00f3n Ejecutiva del Bosque de Chapultepec debe autorizar este tipo de actividades. El pago por el uso de espacios p\u00fablicos [&hellip;]<\/p>\n","protected":false},"author":1,"featured_media":0,"parent":2794,"menu_order":0,"comment_status":"closed","ping_status":"closed","template":"elementor_header_footer","meta":{"_acf_changed":false,"inline_featured_image":false,"footnotes":""},"class_list":["post-3490","page","type-page","status-publish","hentry"],"acf":[],"_links":{"self":[{"href":"http:\/\/bosquedechapultepec.mx:9000\/bosquedechapultepec\/wp-json\/wp\/v2\/pages\/3490","targetHints":{"allow":["GET"]}}],"collection":[{"href":"http:\/\/bosquedechapultepec.mx:9000\/bosquedechapultepec\/wp-json\/wp\/v2\/pages"}],"about":[{"href":"http:\/\/bosquedechapultepec.mx:9000\/bosquedechapultepec\/wp-json\/wp\/v2\/types\/page"}],"author":[{"embeddable":true,"href":"http:\/\/bosquedechapultepec.mx:9000\/bosquedechapultepec\/wp-json\/wp\/v2\/users\/1"}],"replies":[{"embeddable":true,"href":"http:\/\/bosquedechapultepec.mx:9000\/bosquedechapultepec\/wp-json\/wp\/v2\/comments?post=3490"}],"version-history":[{"count":0,"href":"http:\/\/bosquedechapultepec.mx:9000\/bosquedechapultepec\/wp-json\/wp\/v2\/pages\/3490\/revisions"}],"up":[{"embeddable":true,"href":"http:\/\/bosquedechapultepec.mx:9000\/bosquedechapultepec\/wp-json\/wp\/v2\/pages\/2794"}],"wp:attachment":[{"href":"http:\/\/bosquedechapultepec.mx:9000\/bosquedechapultepec\/wp-json\/wp\/v2\/media?parent=3490"}],"curies":[{"name":"wp","href":"https:\/\/api.w.org\/{rel}","templated":true}]}}